{"id":1624,"date":"2022-07-19T00:03:58","date_gmt":"2022-07-19T00:03:58","guid":{"rendered":"https:\/\/packdesites.com\/produto\/pagina-de-vendas-para-curso-de-fotografia\/"},"modified":"2025-04-03T01:14:30","modified_gmt":"2025-04-03T01:14:30","slug":"sales-page-for-photography-course","status":"publish","type":"product","link":"https:\/\/packdesites.com\/en\/product\/sales-page-for-photography-course\/","title":{"rendered":"Sales Page for Photography Course"},"content":{"rendered":"<p>Ideal Sales Page for a photography course. You can adapt it to your business, changing images, texts, titles and anything else you want.<\/p>\n\n\n\n<p>This sales page does not come with images included, you need to add your own images or get them from the preview link.<\/p>","protected":false},"excerpt":{"rendered":"<p>P\u00e1gina de Vendas ideal para curso de fotografia. Voc\u00ea pode adapta-la de acordo com o seu neg\u00f3cio, podendo alterar imagens, textos, t\u00edtulos e tudo que voc\u00ea desejar. Esta p\u00e1gina de vendas n\u00e3o vai com as imagens inclusas, voc\u00ea precisa adicionar suas imagens ou pegar do link de preview.<\/p>","protected":false},"featured_media":1625,"comment_status":"closed","ping_status":"open","template":"","meta":{"_jf_limit_responses":"","iawp_total_views":17},"product_brand":[],"product_cat":[42,43,23],"product_tag":[19],"class_list":{"0":"post-1624","1":"product","2":"type-product","3":"status-publish","4":"has-post-thumbnail","6":"product_cat-landing-page","7":"product_cat-pagina-de-vendas","8":"product_cat-templates-elementor-e-envato","9":"product_tag-vitalicio","11":"first","12":"instock","13":"downloadable","14":"virtual","15":"purchasable","16":"product-type-simple"},"_links":{"self":[{"href":"https:\/\/packdesites.com\/en\/wp-json\/wp\/v2\/product\/1624","targetHints":{"allow":["GET"]}}],"collection":[{"href":"https:\/\/packdesites.com\/en\/wp-json\/wp\/v2\/product"}],"about":[{"href":"https:\/\/packdesites.com\/en\/wp-json\/wp\/v2\/types\/product"}],"replies":[{"embeddable":true,"href":"https:\/\/packdesites.com\/en\/wp-json\/wp\/v2\/comments?post=1624"}],"version-history":[{"count":0,"href":"https:\/\/packdesites.com\/en\/wp-json\/wp\/v2\/product\/1624\/revisions"}],"wp:featuredmedia":[{"embeddable":true,"href":"https:\/\/packdesites.com\/en\/wp-json\/wp\/v2\/media\/1625"}],"wp:attachment":[{"href":"https:\/\/packdesites.com\/en\/wp-json\/wp\/v2\/media?parent=1624"}],"wp:term":[{"taxonomy":"product_brand","embeddable":true,"href":"https:\/\/packdesites.com\/en\/wp-json\/wp\/v2\/product_brand?post=1624"},{"taxonomy":"product_cat","embeddable":true,"href":"https:\/\/packdesites.com\/en\/wp-json\/wp\/v2\/product_cat?post=1624"},{"taxonomy":"product_tag","embeddable":true,"href":"https:\/\/packdesites.com\/en\/wp-json\/wp\/v2\/product_tag?post=1624"}],"curies":[{"name":"wp","href":"https:\/\/api.w.org\/{rel}","templated":true}]}}