{"id":1622,"date":"2022-07-19T00:03:58","date_gmt":"2022-07-19T00:03:58","guid":{"rendered":"https:\/\/packdesites.com\/produto\/pagina-de-vendas-para-moveis\/"},"modified":"2025-04-03T01:14:28","modified_gmt":"2025-04-03T01:14:28","slug":"sales-page-for-furniture","status":"publish","type":"product","link":"https:\/\/packdesites.com\/en\/product\/sales-page-for-furniture\/","title":{"rendered":"Furniture Sales Page"},"content":{"rendered":"<p>Sales Page ideal for selling physical products, such as furniture. You can adapt it to suit your store. Just edit texts, images and titles. <\/p>\n\n\n\n<p>This sales page does not come with images included, you need to add your own images or get them from the preview link.<\/p>","protected":false},"excerpt":{"rendered":"<p>P\u00e1gina de Vendas ideal para venda de produtos f\u00edsicos, como m\u00f3veis. Voc\u00ea pode adaptar de acordom com sua loja. Basta editar textos, imagens t\u00edtulos. Esta p\u00e1gina de vendas n\u00e3o vai com as imagens inclusas, voc\u00ea precisa adicionar suas imagens ou pegar do link de preview.<\/p>","protected":false},"featured_media":1623,"comment_status":"closed","ping_status":"open","template":"","meta":{"_jf_limit_responses":"","iawp_total_views":35},"product_brand":[],"product_cat":[42,43,23],"product_tag":[19],"class_list":{"0":"post-1622","1":"product","2":"type-product","3":"status-publish","4":"has-post-thumbnail","6":"product_cat-landing-page","7":"product_cat-pagina-de-vendas","8":"product_cat-templates-elementor-e-envato","9":"product_tag-vitalicio","11":"first","12":"instock","13":"downloadable","14":"virtual","15":"purchasable","16":"product-type-simple"},"_links":{"self":[{"href":"https:\/\/packdesites.com\/en\/wp-json\/wp\/v2\/product\/1622","targetHints":{"allow":["GET"]}}],"collection":[{"href":"https:\/\/packdesites.com\/en\/wp-json\/wp\/v2\/product"}],"about":[{"href":"https:\/\/packdesites.com\/en\/wp-json\/wp\/v2\/types\/product"}],"replies":[{"embeddable":true,"href":"https:\/\/packdesites.com\/en\/wp-json\/wp\/v2\/comments?post=1622"}],"version-history":[{"count":0,"href":"https:\/\/packdesites.com\/en\/wp-json\/wp\/v2\/product\/1622\/revisions"}],"wp:featuredmedia":[{"embeddable":true,"href":"https:\/\/packdesites.com\/en\/wp-json\/wp\/v2\/media\/1623"}],"wp:attachment":[{"href":"https:\/\/packdesites.com\/en\/wp-json\/wp\/v2\/media?parent=1622"}],"wp:term":[{"taxonomy":"product_brand","embeddable":true,"href":"https:\/\/packdesites.com\/en\/wp-json\/wp\/v2\/product_brand?post=1622"},{"taxonomy":"product_cat","embeddable":true,"href":"https:\/\/packdesites.com\/en\/wp-json\/wp\/v2\/product_cat?post=1622"},{"taxonomy":"product_tag","embeddable":true,"href":"https:\/\/packdesites.com\/en\/wp-json\/wp\/v2\/product_tag?post=1622"}],"curies":[{"name":"wp","href":"https:\/\/api.w.org\/{rel}","templated":true}]}}