{"id":1322,"date":"2023-07-17T00:21:42","date_gmt":"2023-07-17T00:21:42","guid":{"rendered":"https:\/\/packdesites.com\/produto\/woocommerce-dynamic-pricing-discounts-v2-6-0\/"},"modified":"2025-04-03T00:44:18","modified_gmt":"2025-04-03T00:44:18","slug":"woocommerce-dynamic-pricing-discounts-v2-6-0","status":"publish","type":"product","link":"https:\/\/packdesites.com\/en\/product\/woocommerce-dynamic-pricing-discounts-v2-6-0\/","title":{"rendered":"WooCommerce Dynamic Pricing &amp; Discounts v3.0.1"},"content":{"rendered":"<p><strong>WooCommerce Dynamic Pricing &amp; Discounts is an all-purpose pricing and promotion tool for online retailers. Its power lies in its flexibility \u2013 many pricing methods and conditions can be combined to fit virtually any pricing strategy.<\/strong><\/p>\n\n\n\n<p>This actively maintained extension can easily replace multiple tools \u2013 use it for regular sales, promotions, special offers, bulk pricing, tiered pricing, bundle pricing, deal of the day, flash sales, wholesale pricing, membership pricing, individual pricing, loyalty programs, behavioral pricing, location-based pricing, etc. You can also conditionally increase prices or charge extra fees when needed.<\/p>\n\n\n\n<blockquote class=\"wp-block-quote is-layout-flow wp-block-quote-is-layout-flow\">\n<p>Simple and straightforward to set up complex rules. I\u2019ve tried a few others, but this one is tops! \u2013&nbsp;<a href=\"https:\/\/codecanyon.net\/user\/stumas\" target=\"_blank\" rel=\"noopener\">stumas<\/a><\/p>\n<\/blockquote>\n\n\n\n<blockquote class=\"wp-block-quote is-layout-flow wp-block-quote-is-layout-flow\">\n<p>Fantastic plugin. I have tried other bulk discount style plugins, but this is the only one I have been able to configure exactly to my specifications. It has worked perfectly for me. Highly recommended! \u2013&nbsp;<a href=\"https:\/\/codecanyon.net\/user\/chasemountains\" target=\"_blank\" rel=\"noopener\">ChaseMountains<\/a><\/p>\n<\/blockquote>\n\n\n\n<blockquote class=\"wp-block-quote is-layout-flow wp-block-quote-is-layout-flow\">\n<p>I worked with other plugins and it cost me more than half a day of work to do nothing. Then I found this plugin, bought it, installed it and 2 minutes later I was ready to go. AMAZING WORK! THANKS A MILLION! \u2013&nbsp;<a href=\"https:\/\/codecanyon.net\/user\/antzproductions\" target=\"_blank\" rel=\"noopener\">AntzProductions<\/a><\/p>\n<\/blockquote>\n\n\n\n<p><strong>Increase your sales<\/strong><br>Sell more! Create attractive discounts for customers who buy in bulk. Run special promotions for Christmas, Easter or Black Friday. Set up clearance or flash sales.&nbsp;<em>All 15% laptops off until midnight! Free case with every phone!<\/em>&nbsp;Using this extension, you can set up the most powerful promotions in minutes!<\/p>\n\n\n\n<p><strong>Increase loyalty<\/strong><br>Create long-term pricing strategies to keep your best customers engaged. Reward customers who reach specific lifetime goals (money spent, orders completed). Use a storefront for both retail and wholesale sales. Start a club and offer in-house discounts. Set up discounts for individual customers based on direct agreements.<\/p>\n\n\n\n<h2 class=\"wp-block-heading\" id=\"item-description__woocommerce-dynamic-pricing\"><strong>WooCommerce Dynamic Pricing<\/strong><\/h2>\n\n\n\n<p>Dynamic Pricing functionality adjusts product pricing based on a set of rules that are managed from a single user interface. Target a specific variation, an entire store, or anything in between. Dozens of conditions and priority options ensure that only the right rules are applied at any given time.<\/p>\n\n\n\n<p><strong>\u2714 Simple Adjustment<\/strong><br>Decreases, increases or sets the price to a fixed price regardless of quantity<\/p>\n\n\n\n<p><strong>\u2714 Prices<\/strong><br>Bulk Price decreases with quantity \u2013 all units receive the highest \u201cunlocked\u201d discount<\/p>\n\n\n\n<p><strong>\u2714 Hierarchical pricing<\/strong><br>Price decreases with quantity \u2013 subsequent units receive increasing discount<\/p>\n\n\n\n<p><strong>\u2714 Product groups<\/strong><br>Applies a discount when product(s) are purchased in specified quantities<\/p>\n\n\n\n<p><strong>\u2714 Buy X Get<\/strong>&nbsp;Y Applies a discount to quantity Y<br>when quantity X is purchased at full price<\/p>\n\n\n\n<p><strong>\u2714 Delete items<\/strong><br>matching Excludes matching products from any other pricing rules<\/p>\n\n\n\n<h2 class=\"wp-block-heading\" id=\"item-description__woocommerce-cart-discounts\"><strong>WooCommerce Discount Cart<\/strong><\/h2>\n\n\n\n<p>Cart discounts work like regular WooCommerce coupons, except there are no coupons to apply. This ensures that eligible customers see their savings instantly without needing to take any action that could positively impact your conversion rates.<\/p>\n\n\n\n<p>Set up cart discounts based on cart subtotal, cart items, customer details, shipping address, previous purchases, and other conditions \u2013 in ways unimaginable using regular coupons.<\/p>\n\n\n\n<h2 class=\"wp-block-heading\" id=\"item-description__woocommerce-checkout-fees\"><strong>WooCommerce Checkout Fees<\/strong><\/h2>\n\n\n\n<p>Checkout fees provide a way to charge a customer extra based on the details of their order. Use them to cover costs your business may incur when processing specific orders, such as charging for processing international orders or handling perishable goods.<\/p>\n\n\n\n<p>This feature completes the package \u2013 instead of using multiple tools to address a variety of tasks, you can now use an all-in-one extension for anything that has to do with how much your customers pay.<\/p>","protected":false},"excerpt":{"rendered":"<p>O WooCommerce Dynamic Pricing &amp; Discounts \u00e9 uma ferramenta de pre\u00e7os e promo\u00e7\u00e3o para todos os fins para varejistas on-line. Seu poder est\u00e1 em sua flexibilidade \u2013 muitos m\u00e9todos e condi\u00e7\u00f5es de pre\u00e7os podem ser combinados para se adequar a praticamente qualquer estrat\u00e9gia de pre\u00e7os. Esta extens\u00e3o ativamente mantida pode facilmente substituir v\u00e1rias ferramentas &#8211; [&hellip;]<\/p>","protected":false},"featured_media":1323,"comment_status":"closed","ping_status":"open","template":"","meta":{"_jf_limit_responses":"","iawp_total_views":30},"product_brand":[],"product_cat":[41],"product_tag":[19],"class_list":{"0":"post-1322","1":"product","2":"type-product","3":"status-publish","4":"has-post-thumbnail","6":"product_cat-plugins","7":"product_tag-vitalicio","9":"first","10":"instock","11":"downloadable","12":"virtual","13":"purchasable","14":"product-type-simple"},"_links":{"self":[{"href":"https:\/\/packdesites.com\/en\/wp-json\/wp\/v2\/product\/1322","targetHints":{"allow":["GET"]}}],"collection":[{"href":"https:\/\/packdesites.com\/en\/wp-json\/wp\/v2\/product"}],"about":[{"href":"https:\/\/packdesites.com\/en\/wp-json\/wp\/v2\/types\/product"}],"replies":[{"embeddable":true,"href":"https:\/\/packdesites.com\/en\/wp-json\/wp\/v2\/comments?post=1322"}],"version-history":[{"count":0,"href":"https:\/\/packdesites.com\/en\/wp-json\/wp\/v2\/product\/1322\/revisions"}],"wp:featuredmedia":[{"embeddable":true,"href":"https:\/\/packdesites.com\/en\/wp-json\/wp\/v2\/media\/1323"}],"wp:attachment":[{"href":"https:\/\/packdesites.com\/en\/wp-json\/wp\/v2\/media?parent=1322"}],"wp:term":[{"taxonomy":"product_brand","embeddable":true,"href":"https:\/\/packdesites.com\/en\/wp-json\/wp\/v2\/product_brand?post=1322"},{"taxonomy":"product_cat","embeddable":true,"href":"https:\/\/packdesites.com\/en\/wp-json\/wp\/v2\/product_cat?post=1322"},{"taxonomy":"product_tag","embeddable":true,"href":"https:\/\/packdesites.com\/en\/wp-json\/wp\/v2\/product_tag?post=1322"}],"curies":[{"name":"wp","href":"https:\/\/api.w.org\/{rel}","templated":true}]}}