{"id":1297,"date":"2024-04-01T03:41:30","date_gmt":"2024-04-01T03:41:30","guid":{"rendered":"https:\/\/packdesites.com\/produto\/wp-geoip-country-redirect\/"},"modified":"2025-04-03T00:43:52","modified_gmt":"2025-04-03T00:43:52","slug":"wp-geoip-country-redirect","status":"publish","type":"product","link":"https:\/\/packdesites.com\/en\/product\/wp-geoip-country-redirect\/","title":{"rendered":"WP GeoIP Country Redirect v4.3"},"content":{"rendered":"<p>WordPress GeoIP Country Redirect plugin allows you to automatically redirect your visitors based on their country and a set of rules that you can define in your WordPress admin panel.<\/p>\n\n\n\n<p>The plugin automatically detects the country of your visitors and can take the following actions:<\/p>\n\n\n\n<p>\u2013 Redirect to a specific page of your desire.<\/p>\n\n\n\n<p>\u2013 Add redirect rules for a specific Page from a dropdown list of All Pages, Posts, Categories and\/or Home Page<\/p>\n\n\n\n<p>&#8211;&nbsp;<strong>NEW:<\/strong>&nbsp;Create a site-wide redirect rule regardless of page\/post\/category.<\/p>\n\n\n\n<p>\u2013 Bulk Redirect: Redirect unwanted traffic by adding a bulk redirect rule. Countries without a redirect rule defined in the admin panel will be sent to a defined location. This feature can be disabled or enabled.<\/p>\n\n\n\n<p>\u2013 Plugin administration panel within the Wp-Admin area.<\/p>\n\n\n\n<p>\u2013 Logging feature to see errors with the installation within the wp-admin panel and the most recent activity like the last country redirected to which URL and so on.<\/p>\n\n\n\n<p>Feel free to test it out however you like and see how powerful it is. If you have a caching plugin, you will have to&nbsp;<strong>disable cache<\/strong>&nbsp;to the page you apply a redirect rule to correctly detect the country.<\/p>","protected":false},"excerpt":{"rendered":"<p>WordPress GeoIP Country Redirect plugin permite que voc\u00ea redirecione automaticamente seus visitantes com base em seu pa\u00eds e um conjunto de regras que voc\u00ea pode definir no painel de administra\u00e7\u00e3o wordpress. O plugin detecta automaticamente o pa\u00eds de seus visitantes e pode tomar as seguintes a\u00e7\u00f5es: &#8211; Redirecionar para uma p\u00e1gina espec\u00edfica do seu desejo. [&hellip;]<\/p>","protected":false},"featured_media":1298,"comment_status":"closed","ping_status":"open","template":"","meta":{"_jf_limit_responses":"","iawp_total_views":12},"product_brand":[],"product_cat":[41],"product_tag":[19],"class_list":{"0":"post-1297","1":"product","2":"type-product","3":"status-publish","4":"has-post-thumbnail","6":"product_cat-plugins","7":"product_tag-vitalicio","9":"first","10":"instock","11":"downloadable","12":"virtual","13":"purchasable","14":"product-type-simple"},"_links":{"self":[{"href":"https:\/\/packdesites.com\/en\/wp-json\/wp\/v2\/product\/1297","targetHints":{"allow":["GET"]}}],"collection":[{"href":"https:\/\/packdesites.com\/en\/wp-json\/wp\/v2\/product"}],"about":[{"href":"https:\/\/packdesites.com\/en\/wp-json\/wp\/v2\/types\/product"}],"replies":[{"embeddable":true,"href":"https:\/\/packdesites.com\/en\/wp-json\/wp\/v2\/comments?post=1297"}],"version-history":[{"count":0,"href":"https:\/\/packdesites.com\/en\/wp-json\/wp\/v2\/product\/1297\/revisions"}],"wp:featuredmedia":[{"embeddable":true,"href":"https:\/\/packdesites.com\/en\/wp-json\/wp\/v2\/media\/1298"}],"wp:attachment":[{"href":"https:\/\/packdesites.com\/en\/wp-json\/wp\/v2\/media?parent=1297"}],"wp:term":[{"taxonomy":"product_brand","embeddable":true,"href":"https:\/\/packdesites.com\/en\/wp-json\/wp\/v2\/product_brand?post=1297"},{"taxonomy":"product_cat","embeddable":true,"href":"https:\/\/packdesites.com\/en\/wp-json\/wp\/v2\/product_cat?post=1297"},{"taxonomy":"product_tag","embeddable":true,"href":"https:\/\/packdesites.com\/en\/wp-json\/wp\/v2\/product_tag?post=1297"}],"curies":[{"name":"wp","href":"https:\/\/api.w.org\/{rel}","templated":true}]}}