{"id":1282,"date":"2024-05-20T22:53:49","date_gmt":"2024-05-20T22:53:49","guid":{"rendered":"https:\/\/packdesites.com\/produto\/learndash-lms-atualizado\/"},"modified":"2025-09-05T10:36:57","modified_gmt":"2025-09-05T13:36:57","slug":"learndash-lms-updated","status":"publish","type":"product","link":"https:\/\/packdesites.com\/en\/product\/learndash-lms-updated\/","title":{"rendered":"LearnDash LMS v4.25.1 + Addons \u2013 Course Builder and Online Course Platform"},"content":{"rendered":"<h2 class=\"wp-block-heading\">Don&#039;t just sell courses, sell more courses.<\/h2>\n\n\n\n<p>With LearnDash you have&nbsp;<strong>total control<\/strong>&nbsp;when selling your courses online. Choose your pricing model, up-selling offers, reminder notifications and watch your sales soar!<\/p>\n\n\n\n<h3 class=\"wp-block-heading\">Use any pricing model<\/h3>\n\n\n\n<p>One-time sales, subscriptions, memberships, bundles and more.<\/p>\n\n\n\n<h3 class=\"wp-block-heading\">Any payment gateway<\/h3>\n\n\n\n<p>PayPal, Stripe, 2Checkout and 300+ more with WooCommerce.<\/p>\n\n\n\n<h3 class=\"wp-block-heading\">Renewal reminders<\/h3>\n\n\n\n<p>Auto-renew notifications. No renewal? Choose to remove access.<\/p>\n\n\n\n<h3 class=\"wp-block-heading\">Refund Protection<\/h3>\n\n\n\n<p>Scheduled content to reduce your refund rates and increase revenue.<\/p>\n\n\n\n<p class=\"has-vivid-red-color has-text-color has-link-color wp-elements-873d17dd3dba4311ac0741d867ae7808\">When downloading you must extract the zip file. Inside it will be the plugin and addons.<\/p>","protected":false},"excerpt":{"rendered":"<p>N\u00e3o venda apenas cursos, venda mais cursos. Com o LearnDash voc\u00ea tem&nbsp;controle total&nbsp;ao vender seus cursos on-line. Escolha o modelo de pre\u00e7os, ofertas de up-selling, notifica\u00e7\u00f5es de lembrete e veja suas vendas subirem! Usar qualquer modelo de pre\u00e7o Vendas \u00fanicas, assinaturas, associa\u00e7\u00f5es, pacotes e muito mais. Qualquer gateway de pagamento PayPal, Stripe, 2Checkout e mais [&hellip;]<\/p>","protected":false},"featured_media":1283,"comment_status":"closed","ping_status":"open","template":"","meta":{"_jf_limit_responses":"","iawp_total_views":53},"product_brand":[],"product_cat":[41],"product_tag":[19],"class_list":{"0":"post-1282","1":"product","2":"type-product","3":"status-publish","4":"has-post-thumbnail","6":"product_cat-plugins","7":"product_tag-vitalicio","9":"first","10":"instock","11":"downloadable","12":"virtual","13":"purchasable","14":"product-type-simple"},"_links":{"self":[{"href":"https:\/\/packdesites.com\/en\/wp-json\/wp\/v2\/product\/1282","targetHints":{"allow":["GET"]}}],"collection":[{"href":"https:\/\/packdesites.com\/en\/wp-json\/wp\/v2\/product"}],"about":[{"href":"https:\/\/packdesites.com\/en\/wp-json\/wp\/v2\/types\/product"}],"replies":[{"embeddable":true,"href":"https:\/\/packdesites.com\/en\/wp-json\/wp\/v2\/comments?post=1282"}],"version-history":[{"count":2,"href":"https:\/\/packdesites.com\/en\/wp-json\/wp\/v2\/product\/1282\/revisions"}],"predecessor-version":[{"id":23653,"href":"https:\/\/packdesites.com\/en\/wp-json\/wp\/v2\/product\/1282\/revisions\/23653"}],"wp:featuredmedia":[{"embeddable":true,"href":"https:\/\/packdesites.com\/en\/wp-json\/wp\/v2\/media\/1283"}],"wp:attachment":[{"href":"https:\/\/packdesites.com\/en\/wp-json\/wp\/v2\/media?parent=1282"}],"wp:term":[{"taxonomy":"product_brand","embeddable":true,"href":"https:\/\/packdesites.com\/en\/wp-json\/wp\/v2\/product_brand?post=1282"},{"taxonomy":"product_cat","embeddable":true,"href":"https:\/\/packdesites.com\/en\/wp-json\/wp\/v2\/product_cat?post=1282"},{"taxonomy":"product_tag","embeddable":true,"href":"https:\/\/packdesites.com\/en\/wp-json\/wp\/v2\/product_tag?post=1282"}],"curies":[{"name":"wp","href":"https:\/\/api.w.org\/{rel}","templated":true}]}}