{"id":127,"date":"2024-05-30T20:55:57","date_gmt":"2024-05-30T20:55:57","guid":{"rendered":"https:\/\/packdesites.com\/produto\/listeo-atualizado-diretorios-guia-comercial-e-diversos-com-agendamentos\/"},"modified":"2025-11-18T22:44:32","modified_gmt":"2025-11-19T01:44:32","slug":"updated-list-of-directories-commercial-guide-and-other-information-with-appointments","status":"publish","type":"product","link":"https:\/\/packdesites.com\/en\/product\/updated-list-of-directories-commercial-guide-and-other-information-with-appointments\/","title":{"rendered":"Listeo v2.0.9 Directories, Commercial Directory and Miscellaneous with Appointments"},"content":{"rendered":"<figure class=\"wp-block-image\"><a href=\"https:\/\/purethemes.net\/listeo\/\" target=\"_blank\" rel=\"noopener\"><img decoding=\"async\" src=\"https:\/\/packdesites.com\/wp-content\/uploads\/2025\/04\/68747470733a2f2f692e696d6775722e636f6d2f46736e477143632e706e67.png\" alt=\"\" title=\"\"><\/a><\/figure>\n\n\n\n\n\n<figure class=\"wp-block-image\"><a href=\"https:\/\/purethemes.net\/listeo\/#multi-vendor\" target=\"_blank\" rel=\"noopener\"><img decoding=\"async\" src=\"https:\/\/packdesites.com\/wp-content\/uploads\/2025\/04\/68747470733a2f2f692e696d6775722e636f6d2f3553393576507a2e706e67.png\" alt=\"\" title=\"\"><\/a><\/figure>\n\n\n\n<figure class=\"wp-block-image\"><a href=\"https:\/\/purethemes.net\/listeo\/#built-in-booking\" target=\"_blank\" rel=\"noopener\"><img decoding=\"async\" src=\"https:\/\/packdesites.com\/wp-content\/uploads\/2025\/04\/68747470733a2f2f692e696d6775722e636f6d2f685842784f48772e706e67.png\" alt=\"\" title=\"\"><\/a><\/figure>\n\n\n\n<figure class=\"wp-block-image\"><a href=\"https:\/\/listeo.pro\/listing\/iphone-12-pro-mint-condition\/\" target=\"_blank\" rel=\"noopener\"><img decoding=\"async\" src=\"https:\/\/packdesites.com\/wp-content\/uploads\/2025\/04\/68747470733a2f2f692e696d6775722e636f6d2f624353666356422e706e67.png\" alt=\"Listeo - Directory &amp; Listings With Booking - WordPress Theme - 4\" title=\"\"><\/a><\/figure>\n\n\n\n<figure class=\"wp-block-image\"><a href=\"https:\/\/listeo.pro\/statistics\/\" target=\"_blank\" rel=\"noopener\"><img decoding=\"async\" src=\"https:\/\/packdesites.com\/wp-content\/uploads\/2025\/04\/68747470733a2f2f692e696d6775722e636f6d2f397044426c62592e706e67.png\" alt=\"Listeo - Directory &amp; Listings With Booking - WordPress Theme - 5\" title=\"\"><\/a><\/figure>\n\n\n\n<figure class=\"wp-block-image\"><a href=\"https:\/\/listeo.pro\/calendar-view\/\" target=\"_blank\" rel=\"noopener\"><img decoding=\"async\" src=\"https:\/\/packdesites.com\/wp-content\/uploads\/2025\/04\/68747470733a2f2f692e696d6775722e636f6d2f6b424b4c5248452e706e67.png\" alt=\"Listeo - Directory &amp; Listings With Booking - WordPress Theme - 6\" title=\"\"><\/a><\/figure>\n\n\n\n<figure class=\"wp-block-image\"><a href=\"https:\/\/purethemes.net\/listeo\/#monetize-your-website\" target=\"_blank\" rel=\"noopener\"><img decoding=\"async\" src=\"https:\/\/packdesites.com\/wp-content\/uploads\/2025\/04\/687474703a2f2f76617374657261642e636f6d2f6c697374656f5f77705f646573635f706963732f4d6f6e6574697a6520596f75722057656273697465344032782e706e67.png\" alt=\"\" title=\"\"><\/a><\/figure>\n\n\n\n<figure class=\"wp-block-image\"><a href=\"https:\/\/purethemes.net\/listeo\/#monetize-your-website\" target=\"_blank\" rel=\"noopener\"><img decoding=\"async\" src=\"https:\/\/packdesites.com\/wp-content\/uploads\/2025\/04\/68747470733a2f2f692e696d6775722e636f6d2f44456e536f73422e706e67.png\" alt=\"Listeo - Directory &amp; Listings With Booking - WordPress Theme - 7\" title=\"\"><\/a><\/figure>\n\n\n\n<figure class=\"wp-block-image\"><a href=\"https:\/\/listeo.pro\/half-list\/\" target=\"_blank\" rel=\"noopener\"><img decoding=\"async\" src=\"https:\/\/packdesites.com\/wp-content\/uploads\/2025\/04\/687474703a2f2f76617374657261642e636f6d2f6c697374656f5f77705f646573635f706963732f566172696f7573204d61702050726f7669646572734032782e706e67.png\" alt=\"\" title=\"\"><\/a><\/figure>\n\n\n\n<figure class=\"wp-block-image\"><a href=\"https:\/\/youtu.be\/2ef4qSUYIgU\" target=\"_blank\" rel=\"noopener\"><img decoding=\"async\" src=\"https:\/\/packdesites.com\/wp-content\/uploads\/2025\/04\/687474703a2f2f76617374657261642e636f6d2f6c697374656f5f77705f646573635f706963732f557365722044617368626f6172644032782e706e67.png\" alt=\"\" title=\"\"><\/a><\/figure>\n\n\n\n<figure class=\"wp-block-image\"><a href=\"https:\/\/youtu.be\/2ef4qSUYIgU\" target=\"_blank\" rel=\"noopener\"><img decoding=\"async\" src=\"https:\/\/packdesites.com\/wp-content\/uploads\/2025\/04\/687474703a2f2f76617374657261642e636f6d2f6c697374656f5f77705f646573635f706963732f44617368626f617264204f766572766965772042746e4032782e706e67.png\" alt=\"\" title=\"\"><\/a><\/figure>\n\n\n\n<figure class=\"wp-block-image\"><a href=\"https:\/\/listeo.pro\/messages\/\" target=\"_blank\" rel=\"noopener\"><img decoding=\"async\" src=\"https:\/\/packdesites.com\/wp-content\/uploads\/2025\/04\/687474703a2f2f76617374657261642e636f6d2f6c697374656f5f77705f646573635f706963732f50726976617465204d657373616765734032782e706e67.png\" alt=\"\" title=\"\"><\/a><\/figure>\n\n\n\n<figure class=\"wp-block-image\"><a href=\"https:\/\/listeo.pro\/listing\/toms-restaurant\/#listing-google-reviews\" target=\"_blank\" rel=\"noopener\"><img decoding=\"async\" src=\"https:\/\/packdesites.com\/wp-content\/uploads\/2025\/04\/68747470733a2f2f692e696d6775722e636f6d2f4758334b7143662e706e67.png\" alt=\"Listeo - Directory &amp; Listings With Booking - WordPress Theme - 8\" title=\"\"><\/a><\/figure>\n\n\n\n<figure class=\"wp-block-image\"><a href=\"https:\/\/listeo.pro\/listing\/sunny-apartment\/#listing-reviews\" target=\"_blank\" rel=\"noopener\"><img decoding=\"async\" src=\"https:\/\/packdesites.com\/wp-content\/uploads\/2025\/04\/68747470733a2f2f692e696d6775722e636f6d2f664370487549672e706e67.png\" alt=\"\" title=\"\"><\/a><\/figure>\n\n\n\n<figure class=\"wp-block-image\"><a href=\"http:\/\/www.docs.purethemes.net\/listeo\/knowledge-base\/automatic-email-notifications\/\" target=\"_blank\" rel=\"noopener\"><img decoding=\"async\" src=\"https:\/\/packdesites.com\/wp-content\/uploads\/2025\/04\/687474703a2f2f76617374657261642e636f6d2f6c697374656f5f77705f646573635f706963732f4175746f6d61746963204e6f74696669636174696f6e734032782e706e67.png\" alt=\"\" title=\"\"><\/a><\/figure>\n\n\n\n<figure class=\"wp-block-image\"><a href=\"http:\/\/www.docs.purethemes.net\/listeo\/knowledge-base\/search-forms-editor\/\" target=\"_blank\" rel=\"noopener\"><img decoding=\"async\" src=\"https:\/\/packdesites.com\/wp-content\/uploads\/2025\/04\/687474703a2f2f76617374657261642e636f6d2f6c697374656f5f77705f646573635f706963732f53656172636820466f726d7320456469746f724032782e706e67.png\" alt=\"\" title=\"\"><\/a><\/figure>\n\n\n\n<figure class=\"wp-block-image\"><a href=\"https:\/\/codecanyon.net\/item\/fluxstore-listing-directory-woocommerce-app-by-flutter\/25113066\" target=\"_blank\" rel=\"noopener\"><img decoding=\"async\" src=\"https:\/\/packdesites.com\/wp-content\/uploads\/2025\/04\/687474703a2f2f76617374657261642e636f6d2f6c697374656f5f77705f646573635f706963732f6d6f62696c655f6170702e706e67.png\" alt=\"\" title=\"\"><\/a><\/figure>\n\n\n\n<figure class=\"wp-block-image\"><a href=\"http:\/\/www.docs.purethemes.net\/listeo\/knowledge-base\/ical-synchronization\/\" target=\"_blank\" rel=\"noopener\"><img decoding=\"async\" src=\"https:\/\/packdesites.com\/wp-content\/uploads\/2025\/04\/687474703a2f2f76617374657261642e636f6d2f6c697374656f5f77705f646573635f706963732f6963616c2e706e67-1.png\" alt=\"\" title=\"\"><\/a><\/figure>\n\n\n\n<figure class=\"wp-block-image\"><a href=\"https:\/\/listeo.pro\/listing\/joes-photography\/\" target=\"_blank\" rel=\"noopener\"><img decoding=\"async\" src=\"https:\/\/packdesites.com\/wp-content\/uploads\/2025\/04\/687474703a2f2f7777772e76617374657261642e636f6d2f6c697374656f5f77705f646573635f706963732f4d65737361676525323056656e646f72334032782e706e67.png\" alt=\"Listeo - Directory &amp; Listings With Booking - WordPress Theme - 9\" title=\"\"><\/a><\/figure>\n\n\n\n<figure class=\"wp-block-image\"><img decoding=\"async\" src=\"https:\/\/packdesites.com\/wp-content\/uploads\/2025\/04\/687474703a2f2f76617374657261642e636f6d2f6c697374656f5f77705f646573635f706963732f4461726b204d6f64654032782e706e67.png\" alt=\"\" title=\"\"><\/figure>\n\n\n\n<figure class=\"wp-block-image\"><a href=\"http:\/\/www.docs.purethemes.net\/listeo\/knowledge-base\/setup-wizard\/\" target=\"_blank\" rel=\"noopener\"><img decoding=\"async\" src=\"https:\/\/packdesites.com\/wp-content\/uploads\/2025\/04\/687474703a2f2f76617374657261642e636f6d2f6c697374656f5f77705f646573635f706963732f4f6e6520436c69636b2044656d6f20496e7374616c6c4032782e706e67.png\" alt=\"\" title=\"\"><\/a><\/figure>\n\n\n\n<figure class=\"wp-block-image\"><img decoding=\"async\" src=\"https:\/\/packdesites.com\/wp-content\/uploads\/2025\/04\/68747470733a2f2f692e696d6775722e636f6d2f3567464a6761762e706e67-1.png\" alt=\"\" title=\"\"><\/figure>\n\n\n\n<figure class=\"wp-block-image\"><a href=\"https:\/\/purethemes.net\/listeo_background_mockup.psd\" target=\"_blank\" rel=\"noopener\"><img decoding=\"async\" src=\"https:\/\/packdesites.com\/wp-content\/uploads\/2025\/04\/687474703a2f2f7777772e76617374657261642e636f6d2f6c697374656f5f77705f646573635f706963732f6c697374656f5f6d6f636b75702e706e67-1.png\" alt=\"Listeo - Directory &amp; Listings With Booking - WordPress Theme - 10\" title=\"\"><\/a><\/figure>\n\n\n\n<h3 id=\"item-description__user-dashboard\" class=\"wp-block-heading\">User Panel<\/h3>\n\n\n\n<p>Listeo has a user-friendly front-end dashboard where listings, bookings, packages, profile details and private messages can be easily managed.<\/p>\n\n\n\n<h3 id=\"item-description__-multi-vendor-marketplace-with-dokan\" class=\"wp-block-heading\">Multi-vendor marketplace with Dokan<\/h3>\n\n\n\n<h3 id=\"item-description__advanced-booking-system\" class=\"wp-block-heading\"><a href=\"http:\/\/www.docs.purethemes.net\/listeo\/knowledge-base\/how-booking-works-in-listeo\/\" target=\"_blank\" rel=\"noopener\">Advanced Reservation System<\/a><\/h3>\n\n\n\n<ul class=\"wp-block-list\">\n<li><strong>To hire<\/strong> Users can choose check-in and check-out dates, number of guests and send a request to the host to book a reservation. Once the host accepts the request, the user can be charged for the full amount at the time of booking. The host can manage calendar availability and set different prices for specific days.<\/li>\n\n\n\n<li><strong>Services<\/strong> Through Listeo, users can book spaces in, for example, restaurants, car washes, barbers, etc. They can choose a date and time or a specific time if the time slots are not defined by the host. They can also be charged for the reservation.<\/li>\n\n\n\n<li><strong>Events<\/strong> Online ticketing system for any type of venue or event. Users can add event listings on their website while also selling tickets for those events.<\/li>\n<\/ul>\n\n\n\n<h3 id=\"item-description__monetize-your-website\" class=\"wp-block-heading\">Monetize your website<\/h3>\n\n\n\n<p>Making money with your website is no longer a myth and is feasible for everyone. With Listeo\u00a0<strong>You can charge your customers per listing submission, offer packages or monthly subscription<\/strong>\u00a0\u2013 The choice is yours.<\/p>\n\n\n\n<p><strong>That&#039;s not all!<\/strong>\u00a0You can charge fees on each booking service!<\/p>\n\n\n\n<p><strong>For example:<\/strong><br \/>If a listing owner with an apartment booking service sets a fixed price of $$50 for each day and you set a rate of $10% for the booking service, you will receive $$5 and pay the rest ($$45) to the supplier. Suppliers will get an additional \u201cWallet\u201d page on the dashboard where they can check the booking earnings summary, payment history and set the payment method.<\/p>\n\n\n\n<h3 id=\"item-description__various-map-providers\" class=\"wp-block-heading\">Multiple map providers<\/h3>\n\n\n\n<p>Google Maps API pricing got you down?\u00a0<strong>You can use alternatives like OpenStreetMap, MapBox, Bing Maps, Thunderforest or HERE maps.<\/strong><\/p>\n\n\n\n<p>Additionally, Listeo also supports the location autocomplete feature powered by OpenStreetMap, which means you don\u2019t even need to use Google API for that. It\u2019s exclusive to Listeo \u2013 not found in other themes! We\u2019ve taken care to develop it with UX\/UI best practices and it works just as well as Google autocomplete.<\/p>\n\n\n\n<h3 id=\"item-description__dark-mode\" class=\"wp-block-heading\">Dark mode<\/h3>\n\n\n\n<p>Listeo introduces impressive Dark Mode for dark theme lovers. An excellent user experience especially in low-light environments.<\/p>\n\n\n\n<h3 id=\"item-description__private-messages\" class=\"wp-block-heading\">Private Messages<\/h3>\n\n\n\n<p>Listeo comes with a smart private messaging system where users and listing owners can contact each other.<\/p>\n\n\n\n<h3 id=\"item-description__multi-criteria-reviews\" class=\"wp-block-heading\">Multicriteria Reviews<\/h3>\n\n\n\n<p>Multi-criteria ratings allow users to express more nuanced opinions. The criteria are easily configurable and you can create as many as you want.<\/p>\n\n\n\n<h3 id=\"item-description__google-reviews\" class=\"wp-block-heading\">Google Reviews<\/h3>\n\n\n\n<p>Add social proof and authenticity! Listeo lets you embed Google Reviews on your listing pages without forcing users to use the Google Business API.<\/p>\n\n\n\n<h3 id=\"item-description__automatic-notifications\" class=\"wp-block-heading\">Automatic notifications<\/h3>\n\n\n\n<p>You can set up automatic email notifications about bookings, payments, listing expiration, and more. The content of the messages can be easily changed in the options!<\/p>\n\n\n\n<h3 id=\"item-description__one-click-demo-install\" class=\"wp-block-heading\">One-click demo installation<\/h3>\n\n\n\n<p>Installing demo content has never been easier. You can install Listeo in just a few clicks!<\/p>\n\n\n\n<h3 id=\"item-description__ical-sync\" class=\"wp-block-heading\">iCal Sync<\/h3>\n\n\n\n<p>Listeo has a tool that allows you to synchronize your reservations and availability across different platforms.<\/p>\n\n\n\n<p>This\u00a0<strong>This means that if someone books a room through Listeo, its availability will be changed on the Booking.com or Airbnb calendar.<\/strong>, avoiding overbookings and keeping you organized.<\/p>\n\n\n\n<h3 id=\"item-description__other-unique-features\" class=\"wp-block-heading\">Other unique features<\/h3>\n\n\n\n<ul class=\"wp-block-list\">\n<li>Guest and Owner User Roles<\/li>\n\n\n\n<li>Google reCAPTCHA<\/li>\n\n\n\n<li>AJAX powered search results<\/li>\n\n\n\n<li>Smart Listing Comments<\/li>\n\n\n\n<li>Private Messages<\/li>\n\n\n\n<li>Revolution Slider<\/li>\n\n\n\n<li>Elementor Page Builder<\/li>\n\n\n\n<li>Contact Form 7 Integration<\/li>\n\n\n\n<li>Multiple Listing Styles<\/li>\n<\/ul>\n\n\n\n<p><strong>Demo site photos are NOT included in the template package.<\/strong><\/p>","protected":false},"excerpt":{"rendered":"<p>Painel do usu\u00e1rio O Listeo possui um painel de front-end amig\u00e1vel onde listagens, reservas, pacotes, detalhes de perfil e mensagens privadas podem ser facilmente gerenciados. Mercado de v\u00e1rios fornecedores com Dokan Sistema Avan\u00e7ado de Reservas Monetize seu site Ganhar dinheiro com seu site n\u00e3o \u00e9 mais um mito e \u00e9 fact\u00edvel por todos. Com Listeo\u00a0voc\u00ea [&hellip;]<\/p>","protected":false},"featured_media":177,"comment_status":"closed","ping_status":"open","template":"","meta":{"_jf_limit_responses":"","iawp_total_views":120},"product_brand":[],"product_cat":[22],"product_tag":[19],"class_list":{"0":"post-127","1":"product","2":"type-product","3":"status-publish","4":"has-post-thumbnail","6":"product_cat-temas-wordpress","7":"product_tag-vitalicio","9":"first","10":"instock","11":"downloadable","12":"virtual","13":"purchasable","14":"product-type-simple"},"_links":{"self":[{"href":"https:\/\/packdesites.com\/en\/wp-json\/wp\/v2\/product\/127","targetHints":{"allow":["GET"]}}],"collection":[{"href":"https:\/\/packdesites.com\/en\/wp-json\/wp\/v2\/product"}],"about":[{"href":"https:\/\/packdesites.com\/en\/wp-json\/wp\/v2\/types\/product"}],"replies":[{"embeddable":true,"href":"https:\/\/packdesites.com\/en\/wp-json\/wp\/v2\/comments?post=127"}],"version-history":[{"count":1,"href":"https:\/\/packdesites.com\/en\/wp-json\/wp\/v2\/product\/127\/revisions"}],"predecessor-version":[{"id":23967,"href":"https:\/\/packdesites.com\/en\/wp-json\/wp\/v2\/product\/127\/revisions\/23967"}],"wp:featuredmedia":[{"embeddable":true,"href":"https:\/\/packdesites.com\/en\/wp-json\/wp\/v2\/media\/177"}],"wp:attachment":[{"href":"https:\/\/packdesites.com\/en\/wp-json\/wp\/v2\/media?parent=127"}],"wp:term":[{"taxonomy":"product_brand","embeddable":true,"href":"https:\/\/packdesites.com\/en\/wp-json\/wp\/v2\/product_brand?post=127"},{"taxonomy":"product_cat","embeddable":true,"href":"https:\/\/packdesites.com\/en\/wp-json\/wp\/v2\/product_cat?post=127"},{"taxonomy":"product_tag","embeddable":true,"href":"https:\/\/packdesites.com\/en\/wp-json\/wp\/v2\/product_tag?post=127"}],"curies":[{"name":"wp","href":"https:\/\/api.w.org\/{rel}","templated":true}]}}