{"id":1234,"date":"2024-04-22T23:04:06","date_gmt":"2024-04-22T23:04:06","guid":{"rendered":"https:\/\/packdesites.com\/produto\/ultimate-member-sistema-de-area-de-membros\/"},"modified":"2025-07-11T11:54:18","modified_gmt":"2025-07-11T14:54:18","slug":"ultimate-member-member-area-system","status":"publish","type":"product","link":"https:\/\/packdesites.com\/en\/product\/ultimate-member-member-area-system\/","title":{"rendered":"Ultimate Member v2.10.5 \u2013 Members Area System + All Addons + Theme"},"content":{"rendered":"<p>Ultimate Member is the #1 membership plugin for WordPress. The plugin makes it easy for users to sign up and become members of your website. The plugin allows you to add beautiful user profiles to your website and is perfect for creating advanced online communities and membership sites. Lightweight and highly extensible, Ultimate Member will allow you to create almost any type of website where users can join and become members with absolute ease.<\/p>\n\n\n\n<p class=\"has-luminous-vivid-amber-color has-black-background-color has-text-color has-background has-link-color wp-elements-128f4c6316a36500c5ce86767ff22329\"><strong>NOTE: When downloading you must extract the zip file. Inside it will be all the plugin addons and the theme.<\/strong><\/p>","protected":false},"excerpt":{"rendered":"<p>Ultimate Member \u00e9 o plugin de \u00e1rea de membros n\u00famero 1 para WordPress. O plugin torna f\u00e1cil para os usu\u00e1rios se inscreverem e se tornarem membros do seu site. O plugin permite adicionar belos perfis de usu\u00e1rio ao seu site e \u00e9 perfeito para criar comunidades on-line avan\u00e7adas e sites de membros. Leve e altamente [&hellip;]<\/p>","protected":false},"featured_media":1235,"comment_status":"closed","ping_status":"open","template":"","meta":{"_jf_limit_responses":"","iawp_total_views":88},"product_brand":[],"product_cat":[41],"product_tag":[19],"class_list":{"0":"post-1234","1":"product","2":"type-product","3":"status-publish","4":"has-post-thumbnail","6":"product_cat-plugins","7":"product_tag-vitalicio","9":"first","10":"instock","11":"downloadable","12":"virtual","13":"purchasable","14":"product-type-simple"},"_links":{"self":[{"href":"https:\/\/packdesites.com\/en\/wp-json\/wp\/v2\/product\/1234","targetHints":{"allow":["GET"]}}],"collection":[{"href":"https:\/\/packdesites.com\/en\/wp-json\/wp\/v2\/product"}],"about":[{"href":"https:\/\/packdesites.com\/en\/wp-json\/wp\/v2\/types\/product"}],"replies":[{"embeddable":true,"href":"https:\/\/packdesites.com\/en\/wp-json\/wp\/v2\/comments?post=1234"}],"version-history":[{"count":1,"href":"https:\/\/packdesites.com\/en\/wp-json\/wp\/v2\/product\/1234\/revisions"}],"predecessor-version":[{"id":22874,"href":"https:\/\/packdesites.com\/en\/wp-json\/wp\/v2\/product\/1234\/revisions\/22874"}],"wp:featuredmedia":[{"embeddable":true,"href":"https:\/\/packdesites.com\/en\/wp-json\/wp\/v2\/media\/1235"}],"wp:attachment":[{"href":"https:\/\/packdesites.com\/en\/wp-json\/wp\/v2\/media?parent=1234"}],"wp:term":[{"taxonomy":"product_brand","embeddable":true,"href":"https:\/\/packdesites.com\/en\/wp-json\/wp\/v2\/product_brand?post=1234"},{"taxonomy":"product_cat","embeddable":true,"href":"https:\/\/packdesites.com\/en\/wp-json\/wp\/v2\/product_cat?post=1234"},{"taxonomy":"product_tag","embeddable":true,"href":"https:\/\/packdesites.com\/en\/wp-json\/wp\/v2\/product_tag?post=1234"}],"curies":[{"name":"wp","href":"https:\/\/api.w.org\/{rel}","templated":true}]}}