{"id":1232,"date":"2023-03-29T22:14:14","date_gmt":"2023-03-29T22:14:14","guid":{"rendered":"https:\/\/packdesites.com\/produto\/nextmove-v-1-16-0-woocommerce-pagina-de-obrigado\/"},"modified":"2025-04-03T00:43:02","modified_gmt":"2025-04-03T00:43:02","slug":"nextmove-v-1-16-0-woocommerce-thank-you-page","status":"publish","type":"product","link":"https:\/\/packdesites.com\/en\/product\/nextmove-v-1-16-0-woocommerce-thank-you-page\/","title":{"rendered":"NextMove v.1.17.1 WooCommerce Thank You Page"},"content":{"rendered":"<p>\u200eShow \u200e<strong>\u200erecommendations\u200e<\/strong>\u200e of products to encourage them to buy more\u200e<br>\u200eYour shoppers are more likely to respond positively to product recommendations than browsers.\u200e<\/p>\n\n\n\n<p>\u200eDisplay &#039;recently viewed&#039; and &#039;personalized&#039; items in recommendations. Recommendations encourage shoppers to revisit and relist items they like. You can also add personalized items, ones you think they&#039;ll like.\u200e<\/p>\n\n\n\n<p>\u200eOffer a discount coupon code in exchange for a \u200e<strong>\u200esocial action\/like\u200e<\/strong><\/p>\n\n\n\n<p>\u200ePeople are lazy. They love to procrastinate. Ask them to share and they&#039;ll let it slide. But not when you offer them bait!\u200e<\/p>\n\n\n\n<p><strong>\u200eRewarding Shoppers\u200e<\/strong>\u200e with a code \u200e<strong>\u200ecustomized and time-bound coupon\u200e<\/strong>\u200e through social sharing so your brand spreads to your friends.\u200e<\/p>\n\n\n\n<p>Create custom pages for WooCommerce thank you pages.<\/p>","protected":false},"excerpt":{"rendered":"<p>\u200eMostre \u200e\u200erecomenda\u00e7\u00f5es\u200e\u200e de produtos para incentiv\u00e1-los a comprar mais\u200e\u200eSeus compradores s\u00e3o mais propensos a responder positivamente \u00e0s recomenda\u00e7\u00f5es do produto do que os navegadores.\u200e \u200eExibir itens &#8216;recentemente visualizados&#8217; e &#8216;personalizados&#8217; nas recomenda\u00e7\u00f5es. As recomenda\u00e7\u00f5es incentivam os compradores a revisitar e redoumentar os itens de que gostam. Voc\u00ea tamb\u00e9m pode adicionar itens personalizados, aqueles que voc\u00ea [&hellip;]<\/p>","protected":false},"featured_media":1233,"comment_status":"closed","ping_status":"open","template":"","meta":{"_jf_limit_responses":"","iawp_total_views":18},"product_brand":[],"product_cat":[41],"product_tag":[19],"class_list":{"0":"post-1232","1":"product","2":"type-product","3":"status-publish","4":"has-post-thumbnail","6":"product_cat-plugins","7":"product_tag-vitalicio","9":"first","10":"instock","11":"downloadable","12":"virtual","13":"purchasable","14":"product-type-simple"},"_links":{"self":[{"href":"https:\/\/packdesites.com\/en\/wp-json\/wp\/v2\/product\/1232","targetHints":{"allow":["GET"]}}],"collection":[{"href":"https:\/\/packdesites.com\/en\/wp-json\/wp\/v2\/product"}],"about":[{"href":"https:\/\/packdesites.com\/en\/wp-json\/wp\/v2\/types\/product"}],"replies":[{"embeddable":true,"href":"https:\/\/packdesites.com\/en\/wp-json\/wp\/v2\/comments?post=1232"}],"version-history":[{"count":0,"href":"https:\/\/packdesites.com\/en\/wp-json\/wp\/v2\/product\/1232\/revisions"}],"wp:featuredmedia":[{"embeddable":true,"href":"https:\/\/packdesites.com\/en\/wp-json\/wp\/v2\/media\/1233"}],"wp:attachment":[{"href":"https:\/\/packdesites.com\/en\/wp-json\/wp\/v2\/media?parent=1232"}],"wp:term":[{"taxonomy":"product_brand","embeddable":true,"href":"https:\/\/packdesites.com\/en\/wp-json\/wp\/v2\/product_brand?post=1232"},{"taxonomy":"product_cat","embeddable":true,"href":"https:\/\/packdesites.com\/en\/wp-json\/wp\/v2\/product_cat?post=1232"},{"taxonomy":"product_tag","embeddable":true,"href":"https:\/\/packdesites.com\/en\/wp-json\/wp\/v2\/product_tag?post=1232"}],"curies":[{"name":"wp","href":"https:\/\/api.w.org\/{rel}","templated":true}]}}