{"id":1214,"date":"2024-05-15T17:42:03","date_gmt":"2024-05-15T17:42:03","guid":{"rendered":"https:\/\/packdesites.com\/produto\/tutor-lms-pro\/"},"modified":"2026-04-13T15:14:24","modified_gmt":"2026-04-13T18:14:24","slug":"tutor-lms-pro","status":"publish","type":"product","link":"https:\/\/packdesites.com\/en\/product\/tutor-lms-pro\/","title":{"rendered":"Tutor LMS Pro v3.9.8 \u2013 Create learning\/e-learning platforms and courses + Certificate Creator v1.2.1"},"content":{"rendered":"<h1 class=\"wp-block-heading\">Create, manage and sell<br>eLearning courses on WordPress<\/h1>\n\n\n\n<p>Teach anything from anywhere. Your best bet for creating and selling amazing eLearning courses \u2013 all in one place!<\/p>\n\n\n\n<p>Easy and intuitive online course creation platform.<\/p>\n\n\n\n<h3 class=\"wp-block-heading\">Frontend Drag &amp; Drop Course Builder<\/h3>\n\n\n\n<p>Tutor LMS comes with a revolutionary drag-and-drop system for creating ingenious courses. It\u2019s feature-rich yet easy to use. Our design is centered around improving your experience, so you better believe it\u2019s going to be awesome!<\/p>\n\n\n\n<h4 class=\"wp-block-heading\">Classes, Quiz &amp; Assignments<\/h4>\n\n\n\n<p>Create quizzes, assignments, lessons, and more to create ingenious eLearning courses.<\/p>\n\n\n\n<h4 class=\"wp-block-heading\">Content Drip<\/h4>\n\n\n\n<p>Get full control over learning path management with powerful included add-ons like Course Content Drip.<\/p>\n\n\n\n<h3 class=\"wp-block-heading\">Elegant Course Details and Listing<\/h3>\n\n\n\n<p>Built-in elegant designs with multiple layouts to choose from to create stunning course catalog and course detail pages. Set your preferred column per row, course filters, and more.<\/p>\n\n\n\n<h3 class=\"wp-block-heading\">Personalized dashboard for teachers and students<\/h3>\n\n\n\n<p>Organized and personalized dashboard for teachers and students. Access everything you need to manage your LMS site from one place.<\/p>\n\n\n\n<h3 class=\"wp-block-heading\">Unlimited Quizzes<\/h3>\n\n\n\n<p>Powerful quiz maker to create custom quizzes with useful features like unique question types, timer and more to create engaging quizzes.<\/p>\n\n\n\n<h2 class=\"wp-block-heading\">Much more!<\/h2>\n\n\n\n<p><\/p>","protected":false},"excerpt":{"rendered":"<p>Criar, gerenciar e vendercursos de eLearning&nbsp;no WordPress Ensine qualquer coisa de qualquer lugar. Sua melhor aposta para criar e vender cursos incr\u00edveis de eLearning &#8211; tudo em um s\u00f3 lugar! Plataforma de cria\u00e7\u00e3o de cursos online f\u00e1cil e intuitiva. Frontend Drag &amp; Drop Course Builder O Tutor LMS vem com um sistema revolucion\u00e1rio de arrastar [&hellip;]<\/p>","protected":false},"featured_media":1215,"comment_status":"closed","ping_status":"open","template":"","meta":{"_jf_limit_responses":"","iawp_total_views":409},"product_brand":[],"product_cat":[41],"product_tag":[19],"class_list":{"0":"post-1214","1":"product","2":"type-product","3":"status-publish","4":"has-post-thumbnail","6":"product_cat-plugins","7":"product_tag-vitalicio","9":"first","10":"instock","11":"downloadable","12":"virtual","13":"purchasable","14":"product-type-simple"},"_links":{"self":[{"href":"https:\/\/packdesites.com\/en\/wp-json\/wp\/v2\/product\/1214","targetHints":{"allow":["GET"]}}],"collection":[{"href":"https:\/\/packdesites.com\/en\/wp-json\/wp\/v2\/product"}],"about":[{"href":"https:\/\/packdesites.com\/en\/wp-json\/wp\/v2\/types\/product"}],"replies":[{"embeddable":true,"href":"https:\/\/packdesites.com\/en\/wp-json\/wp\/v2\/comments?post=1214"}],"version-history":[{"count":19,"href":"https:\/\/packdesites.com\/en\/wp-json\/wp\/v2\/product\/1214\/revisions"}],"predecessor-version":[{"id":24835,"href":"https:\/\/packdesites.com\/en\/wp-json\/wp\/v2\/product\/1214\/revisions\/24835"}],"wp:featuredmedia":[{"embeddable":true,"href":"https:\/\/packdesites.com\/en\/wp-json\/wp\/v2\/media\/1215"}],"wp:attachment":[{"href":"https:\/\/packdesites.com\/en\/wp-json\/wp\/v2\/media?parent=1214"}],"wp:term":[{"taxonomy":"product_brand","embeddable":true,"href":"https:\/\/packdesites.com\/en\/wp-json\/wp\/v2\/product_brand?post=1214"},{"taxonomy":"product_cat","embeddable":true,"href":"https:\/\/packdesites.com\/en\/wp-json\/wp\/v2\/product_cat?post=1214"},{"taxonomy":"product_tag","embeddable":true,"href":"https:\/\/packdesites.com\/en\/wp-json\/wp\/v2\/product_tag?post=1214"}],"curies":[{"name":"wp","href":"https:\/\/api.w.org\/{rel}","templated":true}]}}