{"id":121,"date":"2024-05-30T20:55:57","date_gmt":"2024-05-30T20:55:57","guid":{"rendered":"https:\/\/packdesites.com\/produto\/nimmo-v1-2-5-one-page-wordpress-theme\/"},"modified":"2025-04-03T00:14:14","modified_gmt":"2025-04-03T00:14:14","slug":"nimmo-v1-2-5-one-page-wordpress-theme","status":"publish","type":"product","link":"https:\/\/packdesites.com\/en\/product\/nimmo-v1-2-5-one-page-wordpress-theme\/","title":{"rendered":"Nimmo v1.2.7 \u2013 One page WordPress Theme"},"content":{"rendered":"<p><strong>Nimmo \u2022<\/strong>&nbsp;WordPress Theme is a creative and unique design based on the latest technology.<\/p>\n\n\n\n<p>All files are clearly organized, we believe it will be easy to use and edit them. This theme is well organized and very easy to customize. It is easy to use and navigate as well.<\/p>\n\n\n\n<p>Compatible with desktop, laptop, table, mobile or any device. Nimmo&#039;s minimalist and clean design will give your business a professional look.<\/p>\n\n\n\n<p>Suitable for those who are looking for app, app landing, app landing page, app landing template, App Showcase, app website, creative agency landing page, landing page, business landing page and modern look.<\/p>","protected":false},"excerpt":{"rendered":"<p>Nimmo \u2022&nbsp;WordPress Theme \u00e9 um design criativo e \u00fanico baseado na mais recente tecnologia. Todos os arquivos s\u00e3o claramente organizados, acreditamos que ser\u00e1 f\u00e1cil de usar e edit\u00e1-los. Este tema \u00e9 bem organizado e muito f\u00e1cil de personalizar. \u00c9 f\u00e1cil de usar e navegar tamb\u00e9m. Compat\u00edvel com desktop, laptop, mesa, m\u00f3vel ou qualquer dispositivo. Nimmo [&hellip;]<\/p>","protected":false},"featured_media":122,"comment_status":"closed","ping_status":"open","template":"","meta":{"_jf_limit_responses":"","iawp_total_views":52},"product_brand":[],"product_cat":[22],"product_tag":[19],"class_list":{"0":"post-121","1":"product","2":"type-product","3":"status-publish","4":"has-post-thumbnail","6":"product_cat-temas-wordpress","7":"product_tag-vitalicio","9":"first","10":"instock","11":"downloadable","12":"virtual","13":"purchasable","14":"product-type-simple"},"_links":{"self":[{"href":"https:\/\/packdesites.com\/en\/wp-json\/wp\/v2\/product\/121","targetHints":{"allow":["GET"]}}],"collection":[{"href":"https:\/\/packdesites.com\/en\/wp-json\/wp\/v2\/product"}],"about":[{"href":"https:\/\/packdesites.com\/en\/wp-json\/wp\/v2\/types\/product"}],"replies":[{"embeddable":true,"href":"https:\/\/packdesites.com\/en\/wp-json\/wp\/v2\/comments?post=121"}],"version-history":[{"count":0,"href":"https:\/\/packdesites.com\/en\/wp-json\/wp\/v2\/product\/121\/revisions"}],"wp:featuredmedia":[{"embeddable":true,"href":"https:\/\/packdesites.com\/en\/wp-json\/wp\/v2\/media\/122"}],"wp:attachment":[{"href":"https:\/\/packdesites.com\/en\/wp-json\/wp\/v2\/media?parent=121"}],"wp:term":[{"taxonomy":"product_brand","embeddable":true,"href":"https:\/\/packdesites.com\/en\/wp-json\/wp\/v2\/product_brand?post=121"},{"taxonomy":"product_cat","embeddable":true,"href":"https:\/\/packdesites.com\/en\/wp-json\/wp\/v2\/product_cat?post=121"},{"taxonomy":"product_tag","embeddable":true,"href":"https:\/\/packdesites.com\/en\/wp-json\/wp\/v2\/product_tag?post=121"}],"curies":[{"name":"wp","href":"https:\/\/api.w.org\/{rel}","templated":true}]}}