{"id":119,"date":"2024-05-30T20:55:57","date_gmt":"2024-05-30T20:55:57","guid":{"rendered":"https:\/\/packdesites.com\/produto\/mecare-hospital-and-health-wordpress-theme\/"},"modified":"2025-04-03T00:14:09","modified_gmt":"2025-04-03T00:14:09","slug":"mecare-hospital-and-health-wordpress-theme","status":"publish","type":"product","link":"https:\/\/packdesites.com\/en\/product\/mecare-hospital-and-health-wordpress-theme\/","title":{"rendered":"Mecare \u2013 Hospital and Health WordPress Theme"},"content":{"rendered":"<p>Mecare \u2013 is a WordPress theme suitable for hospital, clinic, dentist, doctor and health, etc.<\/p>\n\n\n\n<p>Mecare \u2013 Hospital and Health WordPress Theme. Mecare theme is for Doctors and Hospitals is a modern business design to boost your business. We built this theme based on in-depth research on Hospital, Health and Insurance Business, tailored to your needs and your customers\u2019 expectations.<\/p>\n\n\n\n<p>We built this theme on Elementor, a very convenient drag and drop PageBuilder for WordPress. It should provide you with the smoothest experience while creating your website with our theme. The WordPress theme is responsive, you can view it on mobile\/tablet devices as well and it looks great on more devices.<\/p>\n\n\n\n<h4 class=\"wp-block-heading\" id=\"item-description__features\">FEATURES<\/h4>\n\n\n\n<ul class=\"wp-block-list\">\n<li>WordPress 6.0+<\/li>\n\n\n\n<li>Easy setup with Demo Content.<\/li>\n\n\n\n<li>Unlimited color styles<\/li>\n\n\n\n<li>Single page blog<\/li>\n\n\n\n<li>Animate any elements<\/li>\n\n\n\n<li>Responsive layout<\/li>\n\n\n\n<li>Retina Ready<\/li>\n\n\n\n<li>Unique design<\/li>\n\n\n\n<li>Single Page Design<\/li>\n\n\n\n<li>Contact Form 7<\/li>\n\n\n\n<li>Enhanced jQuery<\/li>\n\n\n\n<li>Easy setup<\/li>\n\n\n\n<li>Very clear documentation (step by step)<\/li>\n<\/ul>\n\n\n\n<p class=\"has-vivid-red-color has-text-color\"><strong>The theme installation process is in the documentation &gt; doc-mecare folder. Open the index.html file, which will open the installation and configuration guide.<\/strong><\/p>","protected":false},"excerpt":{"rendered":"<p>Mecare \u2013 \u00e9 um tema WordPress adequado para hospital, cl\u00ednica, dentista, m\u00e9dico e sa\u00fade, etc Mecare \u2013 Hospital e Sa\u00fade WordPress Tema. Mecare tema \u00e9 para M\u00e9dicos e Hospitais \u00e9 um design de negocia\u00e7\u00e3o moderna para impulsionar o seu neg\u00f3cio. Constru\u00edmos este tema com base em pesquisas aprofundadas sobre Neg\u00f3cio Hospitalar, de Sa\u00fade e de [&hellip;]<\/p>","protected":false},"featured_media":120,"comment_status":"closed","ping_status":"open","template":"","meta":{"_jf_limit_responses":"","iawp_total_views":49},"product_brand":[],"product_cat":[22],"product_tag":[19],"class_list":{"0":"post-119","1":"product","2":"type-product","3":"status-publish","4":"has-post-thumbnail","6":"product_cat-temas-wordpress","7":"product_tag-vitalicio","9":"first","10":"instock","11":"downloadable","12":"virtual","13":"purchasable","14":"product-type-simple"},"_links":{"self":[{"href":"https:\/\/packdesites.com\/en\/wp-json\/wp\/v2\/product\/119","targetHints":{"allow":["GET"]}}],"collection":[{"href":"https:\/\/packdesites.com\/en\/wp-json\/wp\/v2\/product"}],"about":[{"href":"https:\/\/packdesites.com\/en\/wp-json\/wp\/v2\/types\/product"}],"replies":[{"embeddable":true,"href":"https:\/\/packdesites.com\/en\/wp-json\/wp\/v2\/comments?post=119"}],"version-history":[{"count":0,"href":"https:\/\/packdesites.com\/en\/wp-json\/wp\/v2\/product\/119\/revisions"}],"wp:featuredmedia":[{"embeddable":true,"href":"https:\/\/packdesites.com\/en\/wp-json\/wp\/v2\/media\/120"}],"wp:attachment":[{"href":"https:\/\/packdesites.com\/en\/wp-json\/wp\/v2\/media?parent=119"}],"wp:term":[{"taxonomy":"product_brand","embeddable":true,"href":"https:\/\/packdesites.com\/en\/wp-json\/wp\/v2\/product_brand?post=119"},{"taxonomy":"product_cat","embeddable":true,"href":"https:\/\/packdesites.com\/en\/wp-json\/wp\/v2\/product_cat?post=119"},{"taxonomy":"product_tag","embeddable":true,"href":"https:\/\/packdesites.com\/en\/wp-json\/wp\/v2\/product_tag?post=119"}],"curies":[{"name":"wp","href":"https:\/\/api.w.org\/{rel}","templated":true}]}}