{"id":1185,"date":"2024-01-06T03:00:00","date_gmt":"2024-01-06T03:00:00","guid":{"rendered":"https:\/\/packdesites.com\/produto\/carnivore-carnes-e-acougueiros\/"},"modified":"2025-04-03T00:42:19","modified_gmt":"2025-04-03T00:42:19","slug":"carnivore-meats-and-butchers","status":"publish","type":"product","link":"https:\/\/packdesites.com\/en\/product\/carnivore-meats-and-butchers\/","title":{"rendered":"Carnivore \u2013 Meats and Butchers"},"content":{"rendered":"<p>Introducing Carnivore \u2013 the ultimate Elementor template kit for meat shops selling fish, beef, chicken, mutton, and butcher shops and businesses. If you want to create a professional online presence for your business and set up an online store, look no further than the Carnivore template kit.<\/p>\n\n\n\n<p>Don&#039;t settle for a generic website \u2013 choose Carnivore&#039;s meat and butcher Elementor template kit and create a website that stands out from the crowd.<\/p>\n\n\n\n<p>With 23 stunning templates to choose from, Carnivore has everything you need to showcase your products and services. From landing pages to product listings and pricing tables, each template has been expertly designed to help you stand out from the competition.<\/p>\n\n\n\n<p>With Carnivore\u2019s support for WooCommerce, you can easily set up an online store and start selling your products right away. Whether you\u2019re selling steaks, sausages, or anything else, Carnivore makes it easy to manage your inventory and fulfill orders.<\/p>\n\n\n\n<p>But that\u2019s not all: Carnivore\u2019s responsive design ensures your site looks great on any device, from desktops to tablets and smartphones. And with its easy-to-use drag-and-drop interface, customizing your site has never been easier.<\/p>\n\n\n\n<p>So why wait? Take your meat shop or butcher shop to the next level with Carnivore and enjoy a professional, easy-to-use website that will help you grow your business.<\/p>\n\n\n\n<p>This kit requires the Elementor Pro upgrade for some templates and features (not included).<\/p>\n\n\n\n<p>![Meat shop website template](https:\/\/themewarrior.com\/data\/themeforest\/carnivore-features.jpg)<\/p>\n\n\n\n<p>![Frozen food Elementor template](https:\/\/themewarrior.com\/data\/themeforest\/carnivore-elementor.jpg)<\/p>\n\n\n\n<p>![Butchery Elementor template](https:\/\/themewarrior.com\/data\/themeforest\/carnivore-templates.jpg) ## Template List<\/p>\n\n\n\n<ol class=\"wp-block-list\">\n<li>Global Kit Styles<\/li>\n\n\n\n<li>Global Header<\/li>\n\n\n\n<li>Global Footer<\/li>\n\n\n\n<li>Home page<\/li>\n\n\n\n<li>On<\/li>\n\n\n\n<li>Store<\/li>\n\n\n\n<li>Cart<\/li>\n\n\n\n<li>Checkout<\/li>\n\n\n\n<li>My account<\/li>\n\n\n\n<li>Individual products<\/li>\n\n\n\n<li>Our team<\/li>\n\n\n\n<li>Prices<\/li>\n\n\n\n<li>Login<\/li>\n\n\n\n<li>Track the order<\/li>\n\n\n\n<li>Blog<\/li>\n\n\n\n<li>Testimonials<\/li>\n\n\n\n<li>FREQUENTLY ASKED QUESTIONS<\/li>\n\n\n\n<li>Single post<\/li>\n\n\n\n<li>Archive the blog\/li&gt;<\/li>\n\n\n\n<li>Get in touch<\/li>\n\n\n\n<li>Shortly<\/li>\n\n\n\n<li>Page 404<\/li>\n\n\n\n<li>Pop-up banner<\/li>\n<\/ol>\n\n\n\n<p>#### How to install:<\/p>\n\n\n\n<ol class=\"wp-block-list\">\n<li>Install and activate the \u201cEnvato Elements\u201d plugin in Plugins &gt; Add New in WordPress<\/li>\n\n\n\n<li>Do not unzip<\/li>\n\n\n\n<li>Go to Elements &gt; Installed Kits and click the Upload Template Kit button.<\/li>\n\n\n\n<li>Before importing a template, make sure you click the Install Requirements button to activate the necessary plugins.<\/li>\n\n\n\n<li>For best results, do not import more than one model at a time.<\/li>\n<\/ol>","protected":false},"excerpt":{"rendered":"<p>Apresentando o Carnivore &#8211; o template kit Elementor definitivo para lojas de carne que vendem neg\u00f3cios e lojas de peixe, carne bovina, frango, carne de carneiro e a\u00e7ougues. Se voc\u00ea deseja criar uma presen\u00e7a on-line profissional para sua empresa e criar uma loja on-line, basta procurar o template kit Carnivore. N\u00e3o se contente com um [&hellip;]<\/p>","protected":false},"featured_media":1186,"comment_status":"closed","ping_status":"open","template":"","meta":{"_jf_limit_responses":"","iawp_total_views":57},"product_brand":[],"product_cat":[26,23,24],"product_tag":[19],"class_list":{"0":"post-1185","1":"product","2":"type-product","3":"status-publish","4":"has-post-thumbnail","6":"product_cat-lojas-virtuais","7":"product_cat-templates-elementor-e-envato","8":"product_cat-templates-envato","9":"product_tag-vitalicio","11":"first","12":"instock","13":"downloadable","14":"virtual","15":"purchasable","16":"product-type-simple"},"_links":{"self":[{"href":"https:\/\/packdesites.com\/en\/wp-json\/wp\/v2\/product\/1185","targetHints":{"allow":["GET"]}}],"collection":[{"href":"https:\/\/packdesites.com\/en\/wp-json\/wp\/v2\/product"}],"about":[{"href":"https:\/\/packdesites.com\/en\/wp-json\/wp\/v2\/types\/product"}],"replies":[{"embeddable":true,"href":"https:\/\/packdesites.com\/en\/wp-json\/wp\/v2\/comments?post=1185"}],"version-history":[{"count":0,"href":"https:\/\/packdesites.com\/en\/wp-json\/wp\/v2\/product\/1185\/revisions"}],"wp:featuredmedia":[{"embeddable":true,"href":"https:\/\/packdesites.com\/en\/wp-json\/wp\/v2\/media\/1186"}],"wp:attachment":[{"href":"https:\/\/packdesites.com\/en\/wp-json\/wp\/v2\/media?parent=1185"}],"wp:term":[{"taxonomy":"product_brand","embeddable":true,"href":"https:\/\/packdesites.com\/en\/wp-json\/wp\/v2\/product_brand?post=1185"},{"taxonomy":"product_cat","embeddable":true,"href":"https:\/\/packdesites.com\/en\/wp-json\/wp\/v2\/product_cat?post=1185"},{"taxonomy":"product_tag","embeddable":true,"href":"https:\/\/packdesites.com\/en\/wp-json\/wp\/v2\/product_tag?post=1185"}],"curies":[{"name":"wp","href":"https:\/\/api.w.org\/{rel}","templated":true}]}}