{"id":1177,"date":"2023-04-12T03:00:00","date_gmt":"2023-04-12T03:00:00","guid":{"rendered":"https:\/\/packdesites.com\/produto\/villenoir-modelo-para-empresa-de-vinhos\/"},"modified":"2025-04-03T00:41:54","modified_gmt":"2025-04-03T00:41:54","slug":"villenoir-template-for-wine-company","status":"publish","type":"product","link":"https:\/\/packdesites.com\/en\/product\/villenoir-template-for-wine-company\/","title":{"rendered":"Villenoir \u2013 Wine Company Template"},"content":{"rendered":"<p><em>Note: This template kit requires an Elementor Pro license and nothing else. There is no need for fancy extra plugins to do what Elementor Pro already has at its core.<\/em><\/p>\n\n\n\n<p>Successfully sell your wine online with the Villenoir Wine template kit. Built for wineries and vineyards, with an elegant touch and a plethora of business-specific elements, Villenoir is the perfect kit to quickly build your online presence and start selling your wine.<\/p>\n\n\n\n<p>It features a total of 26 Elementor templates (free and pro).<\/p>\n\n\n\n<p><strong>11 full page templates<\/strong>\u00a0<\/p>\n\n\n\n<ul class=\"wp-block-list\">\n<li> Home page<\/li>\n\n\n\n<li>Our story<\/li>\n\n\n\n<li>The property<\/li>\n\n\n\n<li> Awards<\/li>\n\n\n\n<li> FREQUENTLY ASKED QUESTIONS<\/li>\n\n\n\n<li>Wine varieties<\/li>\n\n\n\n<li> Restaurant<\/li>\n\n\n\n<li>Wines<\/li>\n<\/ul>\n\n\n\n<p><strong>Blog<\/strong><\/p>\n\n\n\n<p><strong>8 section models<\/strong>\u00a0<\/p>\n\n\n\n<ul class=\"wp-block-list\">\n<li>Hero<\/li>\n\n\n\n<li> Introduction<\/li>\n\n\n\n<li>Our message<\/li>\n\n\n\n<li> Current version<\/li>\n\n\n\n<li> Wine categories \u2013 left and right<\/li>\n\n\n\n<li> Featured Image Boxes<\/li>\n\n\n\n<li>Call to action<\/li>\n<\/ul>\n\n\n\n<p><strong>7 Theme Builder Templates<\/strong>\u00a0<\/p>\n\n\n\n<ul class=\"wp-block-list\">\n<li>Header<\/li>\n\n\n\n<li> Baseboard<\/li>\n\n\n\n<li> Product archive<\/li>\n\n\n\n<li> Unique product<\/li>\n\n\n\n<li> File<\/li>\n\n\n\n<li> page 404<\/li>\n<\/ul>","protected":false},"excerpt":{"rendered":"<p>Nota: Este template kit requer uma licen\u00e7a Elementor Pro e nada mais. N\u00e3o h\u00e1 necessidade de plugins extras extravagantes para fazer o que o Elementor Pro j\u00e1 tem em seu n\u00facleo. Venda seu vinho online com sucesso com o template kit Villenoir Wine. Constru\u00eddo para vin\u00edcolas e vinhedos, com um toque elegante e uma infinidade [&hellip;]<\/p>","protected":false},"featured_media":1178,"comment_status":"closed","ping_status":"open","template":"","meta":{"_jf_limit_responses":"","iawp_total_views":22},"product_brand":[],"product_cat":[23,24],"product_tag":[19],"class_list":{"0":"post-1177","1":"product","2":"type-product","3":"status-publish","4":"has-post-thumbnail","6":"product_cat-templates-elementor-e-envato","7":"product_cat-templates-envato","8":"product_tag-vitalicio","10":"first","11":"instock","12":"downloadable","13":"virtual","14":"purchasable","15":"product-type-simple"},"_links":{"self":[{"href":"https:\/\/packdesites.com\/en\/wp-json\/wp\/v2\/product\/1177","targetHints":{"allow":["GET"]}}],"collection":[{"href":"https:\/\/packdesites.com\/en\/wp-json\/wp\/v2\/product"}],"about":[{"href":"https:\/\/packdesites.com\/en\/wp-json\/wp\/v2\/types\/product"}],"replies":[{"embeddable":true,"href":"https:\/\/packdesites.com\/en\/wp-json\/wp\/v2\/comments?post=1177"}],"version-history":[{"count":0,"href":"https:\/\/packdesites.com\/en\/wp-json\/wp\/v2\/product\/1177\/revisions"}],"wp:featuredmedia":[{"embeddable":true,"href":"https:\/\/packdesites.com\/en\/wp-json\/wp\/v2\/media\/1178"}],"wp:attachment":[{"href":"https:\/\/packdesites.com\/en\/wp-json\/wp\/v2\/media?parent=1177"}],"wp:term":[{"taxonomy":"product_brand","embeddable":true,"href":"https:\/\/packdesites.com\/en\/wp-json\/wp\/v2\/product_brand?post=1177"},{"taxonomy":"product_cat","embeddable":true,"href":"https:\/\/packdesites.com\/en\/wp-json\/wp\/v2\/product_cat?post=1177"},{"taxonomy":"product_tag","embeddable":true,"href":"https:\/\/packdesites.com\/en\/wp-json\/wp\/v2\/product_tag?post=1177"}],"curies":[{"name":"wp","href":"https:\/\/api.w.org\/{rel}","templated":true}]}}