{"id":117,"date":"2024-05-30T20:55:57","date_gmt":"2024-05-30T20:55:57","guid":{"rendered":"https:\/\/packdesites.com\/produto\/masterstudy-v4-8-45-education-wordpress-theme\/"},"modified":"2025-10-08T15:47:28","modified_gmt":"2025-10-08T18:47:28","slug":"masterstudy-v4-8-45-education-wordpress-theme","status":"publish","type":"product","link":"https:\/\/packdesites.com\/en\/product\/masterstudy-v4-8-45-education-wordpress-theme\/","title":{"rendered":"Masterstudy v4.8.124 Education WordPress Theme"},"content":{"rendered":"<h2 class=\"wp-block-heading\">MasterStudy is the best choice for everyone!<\/h2>\n\n\n\n<p>A fully-packed education WordPress theme for everyone who wants to create online courses, coaching and language centers, eLearning platforms and deliver knowledge worldwide. It is a perfect education theme that is designed to meet the needs of the learning industry.<\/p>\n\n\n\n<h4 class=\"wp-block-heading\">Higher education<\/h4>\n\n\n\n<p>Implement world-class LMS learning technology and create a seamless workflow within any educational institution.<\/p>\n\n\n\n<h4 class=\"wp-block-heading\">Individual instructors<\/h4>\n\n\n\n<p>Provide online skills and knowledge to thousands of students and create a productive learning environment.<\/p>\n\n\n\n<h4 class=\"wp-block-heading\">Online Platform<\/h4>\n\n\n\n<p>Build a universal online learning platform for everyone and provide an exceptional experience.<\/p>\n\n\n\n<ul class=\"wp-block-list\">\n<li>Why Choose MasterStudyMasterstudy allows you to create courses step by step. We have gained experience with the most popular eLearning website templates and made a universal recipe for the ideal learning management system. The complete package of WordPress LMS plugin and education theme will allow you to build a great eLearning platform. Main FeaturesMasterstudy offers amazing features for creating online courses and lessons. Clear and responsive usability of the online education WordPress theme will make you feel like a professional IT specialist. We guarantee you an exceptional experience.<\/li>\n\n\n\n<li><a href=\"https:\/\/stylemixthemes.com\/masterstudy\/lms-admin-ui-ux\/\" target=\"_blank\" rel=\"noreferrer noopener\">LMS Admin UI\/UX<\/a><\/li>\n\n\n\n<li><a href=\"https:\/\/stylemixthemes.com\/masterstudy\/frontend-course-builder\/\" target=\"_blank\" rel=\"noreferrer noopener\">Frontend Course Builder<\/a><\/li>\n\n\n\n<li><a href=\"https:\/\/stylemixthemes.com\/masterstudy\/lesson-types\/\" target=\"_blank\" rel=\"noreferrer noopener\">Lesson Types<\/a><\/li>\n\n\n\n<li><a href=\"https:\/\/stylemixthemes.com\/masterstudy\/advanced-quizzes\/\" target=\"_blank\" rel=\"noreferrer noopener\">Quiz Settings<\/a><\/li>\n\n\n\n<li><a href=\"https:\/\/stylemixthemes.com\/masterstudy\/certificate-builder\/\" target=\"_blank\" rel=\"noreferrer noopener\">Certificate Builder<\/a><\/li>\n\n\n\n<li><a href=\"https:\/\/stylemixthemes.com\/masterstudy\/students-management\/\" target=\"_blank\" rel=\"noreferrer noopener\">Student Management<\/a><\/li>\n\n\n\n<li><a href=\"https:\/\/stylemixthemes.com\/masterstudy\/group-courses\/\" target=\"_blank\" rel=\"noreferrer noopener\">Group Courses<\/a><\/li>\n\n\n\n<li><a href=\"https:\/\/stylemixthemes.com\/masterstudy\/user-profile\/\" target=\"_blank\" rel=\"noreferrer noopener\">User profile<\/a><\/li>\n\n\n\n<li><a href=\"https:\/\/stylemixthemes.com\/masterstudy\/zoom\/\" target=\"_blank\" rel=\"noreferrer noopener\">Zoom Conference<\/a><\/li>\n\n\n\n<li><a href=\"https:\/\/stylemixthemes.com\/masterstudy\/live-streams\/\" target=\"_blank\" rel=\"noreferrer noopener\">Live broadcasts<\/a><\/li>\n\n\n\n<li><a href=\"https:\/\/stylemixthemes.com\/masterstudy\/scorm\/\" target=\"_blank\" rel=\"noreferrer noopener\">SCORM Integration<\/a><a href=\"https:\/\/stylemixthemes.com\/masterstudy\/buddypress\/\" target=\"_blank\" rel=\"noreferrer noopener\">BuddyPress<\/a><\/li>\n\n\n\n<li><a href=\"https:\/\/stylemixthemes.com\/masterstudy\/udemy\/\" target=\"_blank\" rel=\"noreferrer noopener\">Udemy Affiliate<\/a><\/li>\n\n\n\n<li><a href=\"https:\/\/stylemixthemes.com\/masterstudy\/google-classrooms\/\" target=\"_blank\" rel=\"noreferrer noopener\">Google Classroom<\/a><\/li>\n\n\n\n<li><a href=\"https:\/\/stylemixthemes.com\/masterstudy\/drip-content\/\" target=\"_blank\" rel=\"noreferrer noopener\">Drip content<\/a><\/li>\n\n\n\n<li><a href=\"https:\/\/stylemixthemes.com\/masterstudy\/course-bundles\/\" target=\"_blank\" rel=\"noreferrer noopener\">Course Packages<\/a><\/li>\n\n\n\n<li><a href=\"https:\/\/stylemixthemes.com\/masterstudy\/monetize-your-lms-website\/\" target=\"_blank\" rel=\"noreferrer noopener\">Make a profit<\/a><a href=\"https:\/\/stylemixthemes.com\/masterstudy\/payment-methods\/\" target=\"_blank\" rel=\"noreferrer noopener\">Payment methods<\/a><\/li>\n\n\n\n<li><a href=\"https:\/\/stylemixthemes.com\/masterstudy\/financial-system\/\" target=\"_blank\" rel=\"noreferrer noopener\">Statistics and Payments<\/a><\/li>\n\n\n\n<li><a href=\"https:\/\/stylemixthemes.com\/masterstudy\/lms-pro-addons\/\" target=\"_blank\" rel=\"noreferrer noopener\">LMS Pro Add-ons<\/a><\/li>\n\n\n\n<li><a href=\"https:\/\/stylemixthemes.com\/masterstudy\/point-system\/\" target=\"_blank\" rel=\"noreferrer noopener\">Points System<\/a><\/li>\n<\/ul>\n\n\n\n<p class=\"has-white-color has-black-background-color has-text-color has-background has-link-color has-medium-font-size wp-elements-4fad99b7ccd3ffac0b1c2d9ab44c9312\">When downloading the file, unzip\/extract the ZIP file and inside it there will be a folder called \u201cMasterStudy\u201d. Just open the folder and inside it will be the theme zip and the child theme in another folder \u201cChild_theme\u201d.<\/p>","protected":false},"excerpt":{"rendered":"<p>MasterStudy \u00e9 a melhor escolha para todos! Um tema WordPress de educa\u00e7\u00e3o totalmente embalado para todos que desejam criar cursos on-line, coaching e centros de idiomas, plataformas de eLearning e fornecer conhecimento em todo o mundo. \u00c9 um tema de educa\u00e7\u00e3o perfeito que foi projetado para atender \u00e0s necessidades da ind\u00fastria de aprendizagem. Ensino superior [&hellip;]<\/p>","protected":false},"featured_media":118,"comment_status":"closed","ping_status":"open","template":"","meta":{"_jf_limit_responses":"","iawp_total_views":61},"product_brand":[],"product_cat":[22],"product_tag":[19],"class_list":{"0":"post-117","1":"product","2":"type-product","3":"status-publish","4":"has-post-thumbnail","6":"product_cat-temas-wordpress","7":"product_tag-vitalicio","9":"first","10":"instock","11":"downloadable","12":"virtual","13":"purchasable","14":"product-type-simple"},"_links":{"self":[{"href":"https:\/\/packdesites.com\/en\/wp-json\/wp\/v2\/product\/117","targetHints":{"allow":["GET"]}}],"collection":[{"href":"https:\/\/packdesites.com\/en\/wp-json\/wp\/v2\/product"}],"about":[{"href":"https:\/\/packdesites.com\/en\/wp-json\/wp\/v2\/types\/product"}],"replies":[{"embeddable":true,"href":"https:\/\/packdesites.com\/en\/wp-json\/wp\/v2\/comments?post=117"}],"version-history":[{"count":1,"href":"https:\/\/packdesites.com\/en\/wp-json\/wp\/v2\/product\/117\/revisions"}],"predecessor-version":[{"id":23970,"href":"https:\/\/packdesites.com\/en\/wp-json\/wp\/v2\/product\/117\/revisions\/23970"}],"wp:featuredmedia":[{"embeddable":true,"href":"https:\/\/packdesites.com\/en\/wp-json\/wp\/v2\/media\/118"}],"wp:attachment":[{"href":"https:\/\/packdesites.com\/en\/wp-json\/wp\/v2\/media?parent=117"}],"wp:term":[{"taxonomy":"product_brand","embeddable":true,"href":"https:\/\/packdesites.com\/en\/wp-json\/wp\/v2\/product_brand?post=117"},{"taxonomy":"product_cat","embeddable":true,"href":"https:\/\/packdesites.com\/en\/wp-json\/wp\/v2\/product_cat?post=117"},{"taxonomy":"product_tag","embeddable":true,"href":"https:\/\/packdesites.com\/en\/wp-json\/wp\/v2\/product_tag?post=117"}],"curies":[{"name":"wp","href":"https:\/\/api.w.org\/{rel}","templated":true}]}}