{"id":115,"date":"2024-05-30T20:55:57","date_gmt":"2024-05-30T20:55:57","guid":{"rendered":"https:\/\/packdesites.com\/produto\/electro-v-3-4-2-electronics-store-woocommerce\/"},"modified":"2025-10-08T15:48:51","modified_gmt":"2025-10-08T18:48:51","slug":"electro-v-3-4-2-electronics-store-woocommerce","status":"publish","type":"product","link":"https:\/\/packdesites.com\/en\/product\/electro-v-3-4-2-electronics-store-woocommerce\/","title":{"rendered":"Electro v.3.6.4 Electronics Store WooCommerce"},"content":{"rendered":"<p><strong>Electro<\/strong>\u00a0is a robust and flexible Electronics Store WooCommerce WordPress theme to help you make the most of using WooCommerce to power your online store. The design is well suited for Electronics Store, vendor based marketplaces, affiliate websites. It is built and comes packed with most of the advanced features available on most popular eCommerce websites like Amazon, Flipkart, Snapdeal, Walmart, Alibaba, Aliexpress, etc. So, if you are an Amazon affiliate or want a multi-vendor marketplace for your niche market or a store owner, this theme is for you.<\/p>\n\n\n\n<p>The theme is built on top of the framework&nbsp;<em>underscores<\/em>. Your pages can be built using Page Templates, WP Bakery Page Builder, or Elementor Website Builder. The code is lean and extensible. This will allow developers to easily add functionality on their side via child theme and\/or custom plugins.<\/p>\n\n\n\n<p>It has deep integration with the WooCommerce core, as well as several of the most popular extensions and page builders:<\/p>\n\n\n\n<ul class=\"wp-block-list\">\n<li><a href=\"https:\/\/wordpress.org\/plugins\/elementor\/\" target=\"_blank\" rel=\"noopener\">Elementor Website Builder<\/a><\/li>\n\n\n\n<li><a href=\"https:\/\/codecanyon.net\/item\/visual-composer-page-builder-for-wordpress\/242431\" target=\"_blank\" rel=\"noopener\">WPBakery Page Builder for WordPress<\/a><\/li>\n\n\n\n<li><a href=\"https:\/\/codecanyon.net\/item\/slider-revolution-responsive-wordpress-plugin\/2751380\" target=\"_blank\" rel=\"noopener\">Slider Revolution<\/a><\/li>\n\n\n\n<li><a href=\"https:\/\/wordpress.org\/plugins\/yith-woocommerce-wishlist\/\" target=\"_blank\" rel=\"noopener\">YITH WooCommerce Wishlist<\/a><\/li>\n\n\n\n<li><a href=\"https:\/\/wordpress.org\/plugins\/yith-woocommerce-compare\/\" target=\"_blank\" rel=\"noopener\">YITH WooCompare<\/a><\/li>\n<\/ul>","protected":false},"excerpt":{"rendered":"<p>Electro\u00a0\u00e9 um tema robusto e flex\u00edvel da WordPress Electronics Store WooCommerce, para ajud\u00e1-lo a aproveitar ao m\u00e1ximo o uso do WooCommerce para alimentar sua loja online. O design \u00e9 bem adequado para a Electronics Store, marketplaces baseados em fornecedores, sites de afiliados. Ele \u00e9 constru\u00eddo e vem empacotado com a maioria dos recursos avan\u00e7ados dispon\u00edveis [&hellip;]<\/p>","protected":false},"featured_media":116,"comment_status":"closed","ping_status":"open","template":"","meta":{"_jf_limit_responses":"","iawp_total_views":30},"product_brand":[],"product_cat":[22],"product_tag":[19],"class_list":{"0":"post-115","1":"product","2":"type-product","3":"status-publish","4":"has-post-thumbnail","6":"product_cat-temas-wordpress","7":"product_tag-vitalicio","9":"first","10":"instock","11":"downloadable","12":"virtual","13":"purchasable","14":"product-type-simple"},"_links":{"self":[{"href":"https:\/\/packdesites.com\/en\/wp-json\/wp\/v2\/product\/115","targetHints":{"allow":["GET"]}}],"collection":[{"href":"https:\/\/packdesites.com\/en\/wp-json\/wp\/v2\/product"}],"about":[{"href":"https:\/\/packdesites.com\/en\/wp-json\/wp\/v2\/types\/product"}],"replies":[{"embeddable":true,"href":"https:\/\/packdesites.com\/en\/wp-json\/wp\/v2\/comments?post=115"}],"version-history":[{"count":1,"href":"https:\/\/packdesites.com\/en\/wp-json\/wp\/v2\/product\/115\/revisions"}],"predecessor-version":[{"id":23972,"href":"https:\/\/packdesites.com\/en\/wp-json\/wp\/v2\/product\/115\/revisions\/23972"}],"wp:featuredmedia":[{"embeddable":true,"href":"https:\/\/packdesites.com\/en\/wp-json\/wp\/v2\/media\/116"}],"wp:attachment":[{"href":"https:\/\/packdesites.com\/en\/wp-json\/wp\/v2\/media?parent=115"}],"wp:term":[{"taxonomy":"product_brand","embeddable":true,"href":"https:\/\/packdesites.com\/en\/wp-json\/wp\/v2\/product_brand?post=115"},{"taxonomy":"product_cat","embeddable":true,"href":"https:\/\/packdesites.com\/en\/wp-json\/wp\/v2\/product_cat?post=115"},{"taxonomy":"product_tag","embeddable":true,"href":"https:\/\/packdesites.com\/en\/wp-json\/wp\/v2\/product_tag?post=115"}],"curies":[{"name":"wp","href":"https:\/\/api.w.org\/{rel}","templated":true}]}}