{"id":1143,"date":"2022-11-10T03:00:00","date_gmt":"2022-11-10T03:00:00","guid":{"rendered":"https:\/\/packdesites.com\/produto\/foodsense-entrega-delivery-de-alimentos\/"},"modified":"2025-04-03T00:41:15","modified_gmt":"2025-04-03T00:41:15","slug":"foodsense-delivers-food-delivery","status":"publish","type":"product","link":"https:\/\/packdesites.com\/en\/product\/foodsense-delivers-food-delivery\/","title":{"rendered":"FoodSense | Food Delivery"},"content":{"rendered":"<p>FoodSense is a modern Elementor Template Kit that is perfect for creating a WordPress based website for a Mobile App landing page, especially On-Demand Food and Grocery Delivery App.<\/p>\n\n\n\n<p>Customize fonts and colors through Elementor Theme Styles&#039; built-in controls and upload your photos, logos, and content using the visual drag-and-drop builder.<\/p>\n\n\n\n<p><strong>Page templates included<\/strong><\/p>\n\n\n\n<ul class=\"wp-block-list\"><li>Home Page 1<\/li><li>Home Page 2<\/li><li>About Us Page<\/li><li>Restaurant Page<\/li><li>Single Restaurant Page<\/li><li>Services Page<\/li><li>Contact page<\/li><li>Become a Merchant Page<\/li><li>FAQ Page<\/li><li>Team Page<\/li><li>Elementor Pro upgrade is required for some templates and features (not included)<\/li><\/ul>","protected":false},"excerpt":{"rendered":"<p>FoodSense \u00e9 um moderno Kit de Modelo Elementor que \u00e9 perfeito para criar um site baseado no WordPress para uma p\u00e1gina de landing do Aplicativo M\u00f3vel, especialmente o Aplicativo de Entrega de Alimentos e Supermercados Sob Demanda. Personalize fontes e cores atrav\u00e9s dos controles incorporados do Elementor Theme Styles e carregue em suas fotos, logotipos [&hellip;]<\/p>","protected":false},"featured_media":1144,"comment_status":"closed","ping_status":"open","template":"","meta":{"_jf_limit_responses":"","iawp_total_views":24},"product_brand":[],"product_cat":[27,23,24],"product_tag":[19],"class_list":{"0":"post-1143","1":"product","2":"type-product","3":"status-publish","4":"has-post-thumbnail","6":"product_cat-prestadores-de-servicos","7":"product_cat-templates-elementor-e-envato","8":"product_cat-templates-envato","9":"product_tag-vitalicio","11":"first","12":"instock","13":"downloadable","14":"virtual","15":"purchasable","16":"product-type-simple"},"_links":{"self":[{"href":"https:\/\/packdesites.com\/en\/wp-json\/wp\/v2\/product\/1143","targetHints":{"allow":["GET"]}}],"collection":[{"href":"https:\/\/packdesites.com\/en\/wp-json\/wp\/v2\/product"}],"about":[{"href":"https:\/\/packdesites.com\/en\/wp-json\/wp\/v2\/types\/product"}],"replies":[{"embeddable":true,"href":"https:\/\/packdesites.com\/en\/wp-json\/wp\/v2\/comments?post=1143"}],"version-history":[{"count":0,"href":"https:\/\/packdesites.com\/en\/wp-json\/wp\/v2\/product\/1143\/revisions"}],"wp:featuredmedia":[{"embeddable":true,"href":"https:\/\/packdesites.com\/en\/wp-json\/wp\/v2\/media\/1144"}],"wp:attachment":[{"href":"https:\/\/packdesites.com\/en\/wp-json\/wp\/v2\/media?parent=1143"}],"wp:term":[{"taxonomy":"product_brand","embeddable":true,"href":"https:\/\/packdesites.com\/en\/wp-json\/wp\/v2\/product_brand?post=1143"},{"taxonomy":"product_cat","embeddable":true,"href":"https:\/\/packdesites.com\/en\/wp-json\/wp\/v2\/product_cat?post=1143"},{"taxonomy":"product_tag","embeddable":true,"href":"https:\/\/packdesites.com\/en\/wp-json\/wp\/v2\/product_tag?post=1143"}],"curies":[{"name":"wp","href":"https:\/\/api.w.org\/{rel}","templated":true}]}}