{"id":1119,"date":"2022-10-03T03:00:00","date_gmt":"2022-10-03T03:00:00","guid":{"rendered":"https:\/\/packdesites.com\/produto\/maxinet-provedor-de-internet-e-iptv\/"},"modified":"2025-04-03T00:40:35","modified_gmt":"2025-04-03T00:40:35","slug":"maxinet-internet-provider-and-iptv","status":"publish","type":"product","link":"https:\/\/packdesites.com\/en\/product\/maxinet-internet-provider-and-iptv\/","title":{"rendered":"MaxiNet \u2013 Internet and IPTV Provider"},"content":{"rendered":"<p>Our Template Kit&nbsp;<strong>MaxiNet<\/strong>&nbsp;Clean and fresh will be highly appreciated by an Internet provider company, IPTV company, telecom agency services, business organization of bandwidth data transmission, corporate telephone lines. The design of the templates and blocks has a modern touch and feel, and offers a complete package of options to describe your services and showcase all your projects.<\/p>\n\n\n\n<p>## Internet and IP TV Kit Features<\/p>\n\n\n\n<ul class=\"wp-block-list\"><li>15+ pre-made demos;<\/li><li>Search engine optimized;<\/li><li>Ultra responsive layout;<\/li><li>Retina ready;<\/li><li>Fully customizable;<\/li><li>Powerful and lightweight;<\/li><li>Browser compatibility: Firefox, Chrome, Safari, Opera<\/li><\/ul>","protected":false},"excerpt":{"rendered":"<p>Nosso Template Kit&nbsp;MaxiNet&nbsp;limpo e fresco ser\u00e1 muito apreciado por uma empresa provedora de Internet, empresa de IPTV, servi\u00e7os de ag\u00eancias de telecomunica\u00e7\u00f5es, organiza\u00e7\u00e3o empresarial de transmiss\u00e3o de dados de largura de banda, linhas telef\u00f4nicas corporativo. O design dos modelos e blocos tem toque e sensa\u00e7\u00e3o modernos, e oferece um pacote completo de op\u00e7\u00f5es para descrever [&hellip;]<\/p>","protected":false},"featured_media":1120,"comment_status":"closed","ping_status":"open","template":"","meta":{"_jf_limit_responses":"","iawp_total_views":84},"product_brand":[],"product_cat":[39,27,23,24],"product_tag":[19],"class_list":{"0":"post-1119","1":"product","2":"type-product","3":"status-publish","4":"has-post-thumbnail","6":"product_cat-internet-e-iptv","7":"product_cat-prestadores-de-servicos","8":"product_cat-templates-elementor-e-envato","9":"product_cat-templates-envato","10":"product_tag-vitalicio","12":"first","13":"instock","14":"downloadable","15":"virtual","16":"purchasable","17":"product-type-simple"},"_links":{"self":[{"href":"https:\/\/packdesites.com\/en\/wp-json\/wp\/v2\/product\/1119","targetHints":{"allow":["GET"]}}],"collection":[{"href":"https:\/\/packdesites.com\/en\/wp-json\/wp\/v2\/product"}],"about":[{"href":"https:\/\/packdesites.com\/en\/wp-json\/wp\/v2\/types\/product"}],"replies":[{"embeddable":true,"href":"https:\/\/packdesites.com\/en\/wp-json\/wp\/v2\/comments?post=1119"}],"version-history":[{"count":0,"href":"https:\/\/packdesites.com\/en\/wp-json\/wp\/v2\/product\/1119\/revisions"}],"wp:featuredmedia":[{"embeddable":true,"href":"https:\/\/packdesites.com\/en\/wp-json\/wp\/v2\/media\/1120"}],"wp:attachment":[{"href":"https:\/\/packdesites.com\/en\/wp-json\/wp\/v2\/media?parent=1119"}],"wp:term":[{"taxonomy":"product_brand","embeddable":true,"href":"https:\/\/packdesites.com\/en\/wp-json\/wp\/v2\/product_brand?post=1119"},{"taxonomy":"product_cat","embeddable":true,"href":"https:\/\/packdesites.com\/en\/wp-json\/wp\/v2\/product_cat?post=1119"},{"taxonomy":"product_tag","embeddable":true,"href":"https:\/\/packdesites.com\/en\/wp-json\/wp\/v2\/product_tag?post=1119"}],"curies":[{"name":"wp","href":"https:\/\/api.w.org\/{rel}","templated":true}]}}