{"id":1117,"date":"2022-10-03T03:00:00","date_gmt":"2022-10-03T03:00:00","guid":{"rendered":"https:\/\/packdesites.com\/produto\/zortex-servicos-de-banda-larga-e-internet\/"},"modified":"2025-04-03T00:40:33","modified_gmt":"2025-04-03T00:40:33","slug":"zortex-broadband-and-internet-services","status":"publish","type":"product","link":"https:\/\/packdesites.com\/en\/product\/zortex-broadband-and-internet-services\/","title":{"rendered":"Zortex \u2013 Broadband and Internet Services"},"content":{"rendered":"<p>Specially developed template kit for internet company branch, internet provider company, telecom agency services, telecom agency, broadband data transmission business organization, corporate telephone lines, computer networks, TV, fashion television, analog video store, cable TV store and alternative technologies.<\/p>\n\n\n\n<p>It can also be used for any other purpose or a different category of the internet, as it has a modern layout, soft and vibrant colors. The template kit is complete and has additional pages that cannot be missed for this segment, which are: equipment return, speed test and additional services, in addition to including the scene of the templates: header, footer, 404 and coming soon included.<\/p>\n\n\n\n<p>If you are looking for an easy to upgrade model kit, the Zortex model kit is for you.<\/p>\n\n\n\n<p>This kit was built with the Hello theme, but you can use any other theme with elementor support.<\/p>\n\n\n\n<p>Elementor Pro upgrade is required for some templates and features (not included).<\/p>","protected":false},"excerpt":{"rendered":"<p>Kit de modelos especialmente desenvolvido para a filial da empresa de internet, empresa provedora de Internet, servi\u00e7os de ag\u00eancia de telecomunica\u00e7\u00f5es, ag\u00eancia de telecomunica\u00e7\u00f5es, organiza\u00e7\u00e3o de neg\u00f3cios de transmiss\u00e3o de dados de largura de banda larga, linhas telef\u00f4nicas corporativas, redes de computadores, TV, televis\u00e3o da moda, loja de v\u00eddeo anal\u00f3gica, loja de tv a cabo [&hellip;]<\/p>","protected":false},"featured_media":1118,"comment_status":"closed","ping_status":"open","template":"","meta":{"_jf_limit_responses":"","iawp_total_views":56},"product_brand":[],"product_cat":[39,27,23,24],"product_tag":[19],"class_list":{"0":"post-1117","1":"product","2":"type-product","3":"status-publish","4":"has-post-thumbnail","6":"product_cat-internet-e-iptv","7":"product_cat-prestadores-de-servicos","8":"product_cat-templates-elementor-e-envato","9":"product_cat-templates-envato","10":"product_tag-vitalicio","12":"first","13":"instock","14":"downloadable","15":"virtual","16":"purchasable","17":"product-type-simple"},"_links":{"self":[{"href":"https:\/\/packdesites.com\/en\/wp-json\/wp\/v2\/product\/1117","targetHints":{"allow":["GET"]}}],"collection":[{"href":"https:\/\/packdesites.com\/en\/wp-json\/wp\/v2\/product"}],"about":[{"href":"https:\/\/packdesites.com\/en\/wp-json\/wp\/v2\/types\/product"}],"replies":[{"embeddable":true,"href":"https:\/\/packdesites.com\/en\/wp-json\/wp\/v2\/comments?post=1117"}],"version-history":[{"count":0,"href":"https:\/\/packdesites.com\/en\/wp-json\/wp\/v2\/product\/1117\/revisions"}],"wp:featuredmedia":[{"embeddable":true,"href":"https:\/\/packdesites.com\/en\/wp-json\/wp\/v2\/media\/1118"}],"wp:attachment":[{"href":"https:\/\/packdesites.com\/en\/wp-json\/wp\/v2\/media?parent=1117"}],"wp:term":[{"taxonomy":"product_brand","embeddable":true,"href":"https:\/\/packdesites.com\/en\/wp-json\/wp\/v2\/product_brand?post=1117"},{"taxonomy":"product_cat","embeddable":true,"href":"https:\/\/packdesites.com\/en\/wp-json\/wp\/v2\/product_cat?post=1117"},{"taxonomy":"product_tag","embeddable":true,"href":"https:\/\/packdesites.com\/en\/wp-json\/wp\/v2\/product_tag?post=1117"}],"curies":[{"name":"wp","href":"https:\/\/api.w.org\/{rel}","templated":true}]}}