{"id":1107,"date":"2022-09-15T03:00:00","date_gmt":"2022-09-15T03:00:00","guid":{"rendered":"https:\/\/packdesites.com\/produto\/vagha-template-kit-de-boate-e-dj-elementor\/"},"modified":"2025-04-03T00:40:22","modified_gmt":"2025-04-03T00:40:22","slug":"vagha-template-kit-nightclub-and-dj-elementor","status":"publish","type":"product","link":"https:\/\/packdesites.com\/en\/product\/vagha-template-kit-nightclub-and-dj-elementor\/","title":{"rendered":"Vagha \u2013 Nightclub &amp; DJ Elementor Template Kit"},"content":{"rendered":"<p>Vagha is an Elementor Template Kit to quickly and easily create websites for your business using the Elementor Page Builder plugin for WordPress. This kit is optimized for use with the free Hello Elementor theme, but can be used with most themes that support Elementor. This template has a creative and unique design with a responsive 100% layout, retina ready and very easy to customize.<\/p>\n\n\n\n<p>This template kit includes 16+ carefully crafted templates, you can build your professional-looking company business website just a click away.<\/p>\n\n\n\n<p><strong>Features:<\/strong><\/p>\n\n\n\n<ul class=\"wp-block-list\"><li>Using free plugins (Elementor Pro is not required)<\/li><li>Modern and Clean Design<\/li><li>16+ Ready to use templates<\/li><li>Fully responsive layout<\/li><li>Retina Ready<\/li><li>Fully customizable<\/li><li>Cross browser compatibility: Chrome, Firefox, Safari, Opera<\/li><\/ul>\n\n\n\n<p><strong>Models include:<\/strong><\/p>\n\n\n\n<ul class=\"wp-block-list\"><li>Home<\/li><li>On<\/li><li>Event<\/li><li>Team<\/li><li>Frequently Asked Questions<\/li><li>404 Page<\/li><li>Reserva<\/li><li>Ticket<\/li><li>Blog<\/li><li>Single Post<\/li><li>Contact<\/li><li>Metform Reservation<\/li><li>Contact metform<\/li><li>Header<\/li><li>Baseboard<\/li><li>Global Thematic Style<\/li><\/ul>","protected":false},"excerpt":{"rendered":"<p>Vagha \u00e9 um Kit de Modelo Elementor para criar sites de forma r\u00e1pida e f\u00e1cil para o seu neg\u00f3cio usando o plugin Elementor Page Builder para WordPress. Este kit foi otimizado para uso com o tema gratuito Hello Elementor, mas pode ser usado com a maioria dos temas que suportam Elementor. Este modelo tem um [&hellip;]<\/p>","protected":false},"featured_media":1108,"comment_status":"closed","ping_status":"open","template":"","meta":{"_jf_limit_responses":"","iawp_total_views":52},"product_brand":[],"product_cat":[33,23,24],"product_tag":[19],"class_list":{"0":"post-1107","1":"product","2":"type-product","3":"status-publish","4":"has-post-thumbnail","6":"product_cat-entretenimento-e-midia","7":"product_cat-templates-elementor-e-envato","8":"product_cat-templates-envato","9":"product_tag-vitalicio","11":"first","12":"instock","13":"downloadable","14":"virtual","15":"purchasable","16":"product-type-simple"},"_links":{"self":[{"href":"https:\/\/packdesites.com\/en\/wp-json\/wp\/v2\/product\/1107","targetHints":{"allow":["GET"]}}],"collection":[{"href":"https:\/\/packdesites.com\/en\/wp-json\/wp\/v2\/product"}],"about":[{"href":"https:\/\/packdesites.com\/en\/wp-json\/wp\/v2\/types\/product"}],"replies":[{"embeddable":true,"href":"https:\/\/packdesites.com\/en\/wp-json\/wp\/v2\/comments?post=1107"}],"version-history":[{"count":0,"href":"https:\/\/packdesites.com\/en\/wp-json\/wp\/v2\/product\/1107\/revisions"}],"wp:featuredmedia":[{"embeddable":true,"href":"https:\/\/packdesites.com\/en\/wp-json\/wp\/v2\/media\/1108"}],"wp:attachment":[{"href":"https:\/\/packdesites.com\/en\/wp-json\/wp\/v2\/media?parent=1107"}],"wp:term":[{"taxonomy":"product_brand","embeddable":true,"href":"https:\/\/packdesites.com\/en\/wp-json\/wp\/v2\/product_brand?post=1107"},{"taxonomy":"product_cat","embeddable":true,"href":"https:\/\/packdesites.com\/en\/wp-json\/wp\/v2\/product_cat?post=1107"},{"taxonomy":"product_tag","embeddable":true,"href":"https:\/\/packdesites.com\/en\/wp-json\/wp\/v2\/product_tag?post=1107"}],"curies":[{"name":"wp","href":"https:\/\/api.w.org\/{rel}","templated":true}]}}