{"id":1105,"date":"2022-09-15T03:00:00","date_gmt":"2022-09-15T03:00:00","guid":{"rendered":"https:\/\/packdesites.com\/produto\/rythm-kit-de-modelo-de-banda-de-rock-elementor\/"},"modified":"2025-04-03T00:40:19","modified_gmt":"2025-04-03T00:40:19","slug":"rythm-elementor-rock-band-template-kit","status":"publish","type":"product","link":"https:\/\/packdesites.com\/en\/product\/rythm-elementor-rock-band-template-kit\/","title":{"rendered":"Rythm \u2013 Rock Band Elementor Template Kit"},"content":{"rendered":"<p><strong>Rhythm<\/strong>&nbsp;is the Rock Band Elementor Kit for your rock and metal band website. This kit is designed to optimize Elementor and Hello Theme. You can use this theme for your band. Make this kit look more metal for your band website.<\/p>\n\n\n\n<p><strong>Page Templates:<\/strong><\/p>\n\n\n\n<ul class=\"wp-block-list\"><li>Home page<\/li><li>Envelope<\/li><li>Store Page<\/li><li>Checkout Page<\/li><li>Cart Page<\/li><li>Account Page<\/li><li>News<\/li><li>Individual news<\/li><li>Contact<\/li><li>Exclusive 404<\/li><\/ul>\n\n\n\n<p><strong>Sections and blocks:<\/strong><\/p>\n\n\n\n<ul class=\"wp-block-list\"><li>Header<\/li><li>Baseboard<\/li><li>Hero<\/li><li>Team<\/li><li>Testimony<\/li><li>Contact form<\/li><li>Newsletter Form<\/li><\/ul>","protected":false},"excerpt":{"rendered":"<p>Rythm&nbsp;\u00e9 o Rock Band Elementor Kit para o site da sua banda de rock e metal. Este kit foi desenvolvido para otimizar o Elementor e o Hello Theme. Voc\u00ea pode usar esse tema para sua banda. Fa\u00e7a com que este kit pare\u00e7a mais met\u00e1lico para o site da sua banda. Modelos de p\u00e1gina: P\u00e1gina inicial [&hellip;]<\/p>","protected":false},"featured_media":1106,"comment_status":"closed","ping_status":"open","template":"","meta":{"_jf_limit_responses":"","iawp_total_views":23},"product_brand":[],"product_cat":[33,23,24],"product_tag":[19],"class_list":{"0":"post-1105","1":"product","2":"type-product","3":"status-publish","4":"has-post-thumbnail","6":"product_cat-entretenimento-e-midia","7":"product_cat-templates-elementor-e-envato","8":"product_cat-templates-envato","9":"product_tag-vitalicio","11":"first","12":"instock","13":"downloadable","14":"virtual","15":"purchasable","16":"product-type-simple"},"_links":{"self":[{"href":"https:\/\/packdesites.com\/en\/wp-json\/wp\/v2\/product\/1105","targetHints":{"allow":["GET"]}}],"collection":[{"href":"https:\/\/packdesites.com\/en\/wp-json\/wp\/v2\/product"}],"about":[{"href":"https:\/\/packdesites.com\/en\/wp-json\/wp\/v2\/types\/product"}],"replies":[{"embeddable":true,"href":"https:\/\/packdesites.com\/en\/wp-json\/wp\/v2\/comments?post=1105"}],"version-history":[{"count":0,"href":"https:\/\/packdesites.com\/en\/wp-json\/wp\/v2\/product\/1105\/revisions"}],"wp:featuredmedia":[{"embeddable":true,"href":"https:\/\/packdesites.com\/en\/wp-json\/wp\/v2\/media\/1106"}],"wp:attachment":[{"href":"https:\/\/packdesites.com\/en\/wp-json\/wp\/v2\/media?parent=1105"}],"wp:term":[{"taxonomy":"product_brand","embeddable":true,"href":"https:\/\/packdesites.com\/en\/wp-json\/wp\/v2\/product_brand?post=1105"},{"taxonomy":"product_cat","embeddable":true,"href":"https:\/\/packdesites.com\/en\/wp-json\/wp\/v2\/product_cat?post=1105"},{"taxonomy":"product_tag","embeddable":true,"href":"https:\/\/packdesites.com\/en\/wp-json\/wp\/v2\/product_tag?post=1105"}],"curies":[{"name":"wp","href":"https:\/\/api.w.org\/{rel}","templated":true}]}}