{"id":1084,"date":"2022-08-17T03:00:00","date_gmt":"2022-08-17T03:00:00","guid":{"rendered":"https:\/\/packdesites.com\/produto\/aatogrinek-site-de-negocios-e-servicos\/"},"modified":"2025-04-03T00:39:40","modified_gmt":"2025-04-03T00:39:40","slug":"aatogrinek-business-and-services-website","status":"publish","type":"product","link":"https:\/\/packdesites.com\/en\/product\/aatogrinek-business-and-services-website\/","title":{"rendered":"Aatogrinek \u2013 Car Service and Auto Repair Elementor Template Kit"},"content":{"rendered":"<p><strong><em>Aatogrinek<\/em><\/strong>&nbsp;\u2013 is a Car Service and Auto Repair Elementor Template Kit. It is suitable for any type of small businesses related to auto mechanics, car wash, auto mechanic, garages, auto repair shops, auto repair shops, auto centers, car painting and other related services.<\/p>\n\n\n\n<p><strong>Aatogrinek \u2014 Models<\/strong><\/p>\n\n\n\n<p><em>Pages<\/em><\/p>\n\n\n\n<ul class=\"wp-block-list\"><li>Home page<\/li><li>About the page<\/li><li>Services page<\/li><li>Service Details Page<\/li><li>Product Page<\/li><li>Pricing Page<\/li><li>Blog page<\/li><li>Single page blog<\/li><li>Contact page<\/li><li>404 Error Page<\/li><\/ul>\n\n\n\n<p><em>Sections<\/em><\/p>\n\n\n\n<ul class=\"wp-block-list\"><li>Header Section<\/li><li>Footer section<\/li><li>About the Section<\/li><li>Services section<\/li><li>Team section<\/li><li>Con Section<\/li><li>Testimonials section<\/li><li>Pricing section<\/li><li>Products section<\/li><li>Contact Form Section<\/li><\/ul>\n\n\n\n<p><strong>Aatogrinek \u2014 Features<\/strong><\/p>\n\n\n\n<ul class=\"wp-block-list\"><li><strong>Elementor Pro is a must<\/strong><\/li><li>10 Amazing Template Pages<\/li><li>10 different sections<\/li><li>20 Awesome Element Templates<\/li><li>Clean, professional and unique design<\/li><li>Google Fonts \u2013 Easily expand to 600 Google Fonts<\/li><li>and much more!<\/li><\/ul>\n\n\n\n<p><strong>Required Plugins (Included)<\/strong><\/p>\n\n\n\n<ul class=\"wp-block-list\"><li>Elementor<\/li><li>ElementsKit Lite<\/li><li>PowerPack Lite for Elementor<\/li><li>JetWidgets for Elementor<\/li><li>Elementor Pro upgrade required for some templates and features (not included)<\/li><\/ul>","protected":false},"excerpt":{"rendered":"<p>Aatogrinek&nbsp;&#8211; \u00e9 um servi\u00e7o de autom\u00f3veis e repara\u00e7\u00e3o de autom\u00f3veis Elementor Template Kit. \u00c9 adequado para qualquer tipo de pequenas empresas relacionadas a mec\u00e2nica de autom\u00f3veis, lavagem de carros, mec\u00e2nico de autom\u00f3veis, garagens, oficinas de autom\u00f3veis, oficinas mec\u00e2nicas, centros de autom\u00f3veis, pintura de autom\u00f3veis e outros servi\u00e7os relacionados. Aatogrinek \u2014 Modelos P\u00e1ginas P\u00e1gina inicial Sobre [&hellip;]<\/p>","protected":false},"featured_media":1085,"comment_status":"closed","ping_status":"open","template":"","meta":{"_jf_limit_responses":"","iawp_total_views":37},"product_brand":[],"product_cat":[27,23,24,31],"product_tag":[19],"class_list":{"0":"post-1084","1":"product","2":"type-product","3":"status-publish","4":"has-post-thumbnail","6":"product_cat-prestadores-de-servicos","7":"product_cat-templates-elementor-e-envato","8":"product_cat-templates-envato","9":"product_cat-veiculos","10":"product_tag-vitalicio","12":"first","13":"instock","14":"downloadable","15":"virtual","16":"purchasable","17":"product-type-simple"},"_links":{"self":[{"href":"https:\/\/packdesites.com\/en\/wp-json\/wp\/v2\/product\/1084","targetHints":{"allow":["GET"]}}],"collection":[{"href":"https:\/\/packdesites.com\/en\/wp-json\/wp\/v2\/product"}],"about":[{"href":"https:\/\/packdesites.com\/en\/wp-json\/wp\/v2\/types\/product"}],"replies":[{"embeddable":true,"href":"https:\/\/packdesites.com\/en\/wp-json\/wp\/v2\/comments?post=1084"}],"version-history":[{"count":0,"href":"https:\/\/packdesites.com\/en\/wp-json\/wp\/v2\/product\/1084\/revisions"}],"wp:featuredmedia":[{"embeddable":true,"href":"https:\/\/packdesites.com\/en\/wp-json\/wp\/v2\/media\/1085"}],"wp:attachment":[{"href":"https:\/\/packdesites.com\/en\/wp-json\/wp\/v2\/media?parent=1084"}],"wp:term":[{"taxonomy":"product_brand","embeddable":true,"href":"https:\/\/packdesites.com\/en\/wp-json\/wp\/v2\/product_brand?post=1084"},{"taxonomy":"product_cat","embeddable":true,"href":"https:\/\/packdesites.com\/en\/wp-json\/wp\/v2\/product_cat?post=1084"},{"taxonomy":"product_tag","embeddable":true,"href":"https:\/\/packdesites.com\/en\/wp-json\/wp\/v2\/product_tag?post=1084"}],"curies":[{"name":"wp","href":"https:\/\/api.w.org\/{rel}","templated":true}]}}