{"id":1078,"date":"2022-08-16T03:00:00","date_gmt":"2022-08-16T03:00:00","guid":{"rendered":"https:\/\/packdesites.com\/produto\/childhood-centro-de-cuidados-infantis\/"},"modified":"2025-04-03T00:39:29","modified_gmt":"2025-04-03T00:39:29","slug":"childhood-child-care-center","status":"publish","type":"product","link":"https:\/\/packdesites.com\/en\/product\/childhood-child-care-center\/","title":{"rendered":"Childhood \u2013 Child Care Center"},"content":{"rendered":"<p>Childhood Template Kit contains a huge collection of 35+ visual layouts that are compatible with your Elementor page builder. The Kit features a brown and green color scheme with trees and kids playing graphics. Each of these pre-made templates is fully customizable in the editor. You change the photos and font to make it your own.<\/p>\n\n\n\n<p>This natural colored template is suitable for any daycare, education, children&#039;s product or service website, The photos have a blob shape effect overlay allowing your simple photo to display underneath. There are beautiful hand drawn vector graphics throughout the site featuring children playing, trees, rainbow swings, clouds, sun and green hills.<\/p>","protected":false},"excerpt":{"rendered":"<p>Inf\u00e2ncia Modelo Kit cont\u00e9m uma enorme cole\u00e7\u00e3o de mais de 35 layouts visuais que s\u00e3o compat\u00edveis com seu construtor de p\u00e1ginas Elementor. O Kit apresenta um esquema de cores marrom e verde com \u00e1rvores e crian\u00e7as jogando gr\u00e1ficos. Cada um desses modelos pr\u00e9-fabricados \u00e9 totalmente personaliz\u00e1vel no editor. Voc\u00ea altera as fotos e fonte para [&hellip;]<\/p>","protected":false},"featured_media":1079,"comment_status":"closed","ping_status":"open","template":"","meta":{"_jf_limit_responses":"","iawp_total_views":19},"product_brand":[],"product_cat":[28,27,23,24],"product_tag":[19],"class_list":{"0":"post-1078","1":"product","2":"type-product","3":"status-publish","4":"has-post-thumbnail","6":"product_cat-educacao-e-treinamento","7":"product_cat-prestadores-de-servicos","8":"product_cat-templates-elementor-e-envato","9":"product_cat-templates-envato","10":"product_tag-vitalicio","12":"first","13":"instock","14":"downloadable","15":"virtual","16":"purchasable","17":"product-type-simple"},"_links":{"self":[{"href":"https:\/\/packdesites.com\/en\/wp-json\/wp\/v2\/product\/1078","targetHints":{"allow":["GET"]}}],"collection":[{"href":"https:\/\/packdesites.com\/en\/wp-json\/wp\/v2\/product"}],"about":[{"href":"https:\/\/packdesites.com\/en\/wp-json\/wp\/v2\/types\/product"}],"replies":[{"embeddable":true,"href":"https:\/\/packdesites.com\/en\/wp-json\/wp\/v2\/comments?post=1078"}],"version-history":[{"count":0,"href":"https:\/\/packdesites.com\/en\/wp-json\/wp\/v2\/product\/1078\/revisions"}],"wp:featuredmedia":[{"embeddable":true,"href":"https:\/\/packdesites.com\/en\/wp-json\/wp\/v2\/media\/1079"}],"wp:attachment":[{"href":"https:\/\/packdesites.com\/en\/wp-json\/wp\/v2\/media?parent=1078"}],"wp:term":[{"taxonomy":"product_brand","embeddable":true,"href":"https:\/\/packdesites.com\/en\/wp-json\/wp\/v2\/product_brand?post=1078"},{"taxonomy":"product_cat","embeddable":true,"href":"https:\/\/packdesites.com\/en\/wp-json\/wp\/v2\/product_cat?post=1078"},{"taxonomy":"product_tag","embeddable":true,"href":"https:\/\/packdesites.com\/en\/wp-json\/wp\/v2\/product_tag?post=1078"}],"curies":[{"name":"wp","href":"https:\/\/api.w.org\/{rel}","templated":true}]}}