{"id":1068,"date":"2022-08-20T03:00:00","date_gmt":"2022-08-20T03:00:00","guid":{"rendered":"https:\/\/packdesites.com\/produto\/vitpro-site-de-saude-e-medicina\/"},"modified":"2025-04-03T00:39:20","modified_gmt":"2025-04-03T00:39:20","slug":"vitpro-health-and-medicine-website","status":"publish","type":"product","link":"https:\/\/packdesites.com\/en\/product\/vitpro-health-and-medicine-website\/","title":{"rendered":"Vitpro \u2013 Health and medicine website and capsules"},"content":{"rendered":"<p><strong>Vitpro<\/strong>&nbsp;is an Elementor Template Kit to quickly and easily create websites for your business using the Elementor Page Builder plugin for WordPress. This kit is optimized for use with the free Hello Elementor theme, but can be used with most themes that support Elementor. With the help of this elementor template kit, you can create a website for any health or wellness brand.<\/p>\n\n\n\n<p><strong>All features:<\/strong><\/p>\n\n\n\n<ul class=\"wp-block-list\"><li>10+ Elementor Templates<\/li><li>1 Click Import<\/li><\/ul>\n\n\n\n<p><strong>The kit includes:<\/strong><\/p>\n\n\n\n<ul class=\"wp-block-list\"><li>Home<\/li><li>On<\/li><li>Products<\/li><li>Product Detail<\/li><li>Testimony<\/li><li>FAQ<\/li><li>Error 404<\/li><li>Shortly<\/li><li>News and media<\/li><li>Contact us<\/li><li>Single post<\/li><li>Contact us<\/li><li>Archives<\/li><li>Header<\/li><li>Baseboard<\/li><\/ul>\n\n\n\n<p><strong>Required plugins:<\/strong><\/p>\n\n\n\n<ul class=\"wp-block-list\"><li>Free Elementor<\/li><li>Elementor Pro<\/li><li>Essential Addons for Elementor<\/li><\/ul>","protected":false},"excerpt":{"rendered":"<p>Vitpro&nbsp;\u00e9 um Template Kit Elementor para criar sites de forma r\u00e1pida e f\u00e1cil para sua empresa usando o plugin Elementor Page Builder para WordPress. Este kit foi otimizado para uso com o tema Hello Elementor gratuito, mas pode ser usado com a maioria dos temas que suportam o Elementor. Com a ajuda deste template kit [&hellip;]<\/p>","protected":false},"featured_media":1069,"comment_status":"closed","ping_status":"open","template":"","meta":{"_jf_limit_responses":"","iawp_total_views":25},"product_brand":[],"product_cat":[29,23,24],"product_tag":[19],"class_list":{"0":"post-1068","1":"product","2":"type-product","3":"status-publish","4":"has-post-thumbnail","6":"product_cat-saude-e-bem-estar","7":"product_cat-templates-elementor-e-envato","8":"product_cat-templates-envato","9":"product_tag-vitalicio","11":"first","12":"instock","13":"downloadable","14":"virtual","15":"purchasable","16":"product-type-simple"},"_links":{"self":[{"href":"https:\/\/packdesites.com\/en\/wp-json\/wp\/v2\/product\/1068","targetHints":{"allow":["GET"]}}],"collection":[{"href":"https:\/\/packdesites.com\/en\/wp-json\/wp\/v2\/product"}],"about":[{"href":"https:\/\/packdesites.com\/en\/wp-json\/wp\/v2\/types\/product"}],"replies":[{"embeddable":true,"href":"https:\/\/packdesites.com\/en\/wp-json\/wp\/v2\/comments?post=1068"}],"version-history":[{"count":0,"href":"https:\/\/packdesites.com\/en\/wp-json\/wp\/v2\/product\/1068\/revisions"}],"wp:featuredmedia":[{"embeddable":true,"href":"https:\/\/packdesites.com\/en\/wp-json\/wp\/v2\/media\/1069"}],"wp:attachment":[{"href":"https:\/\/packdesites.com\/en\/wp-json\/wp\/v2\/media?parent=1068"}],"wp:term":[{"taxonomy":"product_brand","embeddable":true,"href":"https:\/\/packdesites.com\/en\/wp-json\/wp\/v2\/product_brand?post=1068"},{"taxonomy":"product_cat","embeddable":true,"href":"https:\/\/packdesites.com\/en\/wp-json\/wp\/v2\/product_cat?post=1068"},{"taxonomy":"product_tag","embeddable":true,"href":"https:\/\/packdesites.com\/en\/wp-json\/wp\/v2\/product_tag?post=1068"}],"curies":[{"name":"wp","href":"https:\/\/api.w.org\/{rel}","templated":true}]}}