{"id":106,"date":"2024-05-30T20:55:57","date_gmt":"2024-05-30T20:55:57","guid":{"rendered":"https:\/\/packdesites.com\/produto\/marketo-v5-2-2-ecommerce-multivendor-marketplace-woocommerce-wordpress-theme\/"},"modified":"2025-10-08T15:33:54","modified_gmt":"2025-10-08T18:33:54","slug":"marketo-v5-2-2-ecommerce-multivendor-marketplace-woocommerce-wordpress-theme","status":"publish","type":"product","link":"https:\/\/packdesites.com\/en\/product\/marketo-v5-2-2-ecommerce-multivendor-marketplace-woocommerce-wordpress-theme\/","title":{"rendered":"Marketo v5.3.1 \u2013 eCommerce &amp; Multivendor Marketplace Woocommerce WordPress Theme"},"content":{"rendered":"<p>Marketo is a clean multipurpose WordPress theme with a vertical menu, perfect for your eCommerce business. This WordPress theme contains 11+ homepage designs with full ediatiabe and easily customizable and well organized.<\/p>\n\n\n\n<p>The idea behind the Marketo concept is to use maximum space in a very easy and user-friendly way to showcase a bunch of products in different ways. You can find 11+ different styles of HomePage with 15+ unique header styles, Product detail page with product shop pages blog page and so on.<\/p>\n\n\n\n<p>Marketo also supports Dokan Multivendor solution. Build your own Amazon, Shopify, eBay, Magento like marketplace in just 30 minutes. Start your own multivendor marketplace and earn through commissions on products ranging from digital, physical to variable.<br><\/p>\n\n\n\n<h3 class=\"wp-block-heading\" id=\"item-description__marketo-theme-features\">Marketo Theme Features:<\/h3>\n\n\n\n<ul class=\"wp-block-list\">\n<li>Built with elementor page builder<\/li>\n\n\n\n<li>Kirki Customizer<\/li>\n\n\n\n<li>unyson structure<\/li>\n\n\n\n<li>Easy to customize<\/li>\n\n\n\n<li>Revolution slider<\/li>\n\n\n\n<li>Woocommerce <\/li>\n\n\n\n<li>Login<\/li>\n\n\n\n<li>Dokan Multivendor Support<\/li>\n\n\n\n<li>Fully responsive layout<\/li>\n\n\n\n<li>Cross-browser Compatible with Edge, IE11+, Firefox, Safari, Opera, Chrome<\/li>\n\n\n\n<li>Google Fonts Included<\/li>\n\n\n\n<li>Font Awesome Icons 400+<\/li>\n\n\n\n<li>200+ Line Icons<\/li>\n\n\n\n<li>Powered by Bootstrap 4<\/li>\n\n\n\n<li>Smooth animation<\/li>\n\n\n\n<li>Parallax sections<\/li>\n\n\n\n<li>Google Maps easy to configure through data attributes<\/li>\n\n\n\n<li>Well documented<\/li>\n\n\n\n<li>And much more\u2026<\/li>\n<\/ul>","protected":false},"excerpt":{"rendered":"<p>Marketo \u00e9 um tema wordpress multiuso multiuso limpo com um menu vertical, perfeito para o seu neg\u00f3cio de e-commerce. Este tema do WordPress cont\u00e9m o Design de p\u00e1gina inicial 11+ com ediatiabe completo e facilmente personaliz\u00e1vel e bem organizado. A ideia do conceito marketo \u00e9 usar o m\u00e1ximo de espa\u00e7o em forma muito f\u00e1cil e [&hellip;]<\/p>","protected":false},"featured_media":107,"comment_status":"closed","ping_status":"open","template":"","meta":{"_jf_limit_responses":"","iawp_total_views":63},"product_brand":[],"product_cat":[22],"product_tag":[19],"class_list":{"0":"post-106","1":"product","2":"type-product","3":"status-publish","4":"has-post-thumbnail","6":"product_cat-temas-wordpress","7":"product_tag-vitalicio","9":"first","10":"instock","11":"downloadable","12":"virtual","13":"purchasable","14":"product-type-simple"},"_links":{"self":[{"href":"https:\/\/packdesites.com\/en\/wp-json\/wp\/v2\/product\/106","targetHints":{"allow":["GET"]}}],"collection":[{"href":"https:\/\/packdesites.com\/en\/wp-json\/wp\/v2\/product"}],"about":[{"href":"https:\/\/packdesites.com\/en\/wp-json\/wp\/v2\/types\/product"}],"replies":[{"embeddable":true,"href":"https:\/\/packdesites.com\/en\/wp-json\/wp\/v2\/comments?post=106"}],"version-history":[{"count":1,"href":"https:\/\/packdesites.com\/en\/wp-json\/wp\/v2\/product\/106\/revisions"}],"predecessor-version":[{"id":23958,"href":"https:\/\/packdesites.com\/en\/wp-json\/wp\/v2\/product\/106\/revisions\/23958"}],"wp:featuredmedia":[{"embeddable":true,"href":"https:\/\/packdesites.com\/en\/wp-json\/wp\/v2\/media\/107"}],"wp:attachment":[{"href":"https:\/\/packdesites.com\/en\/wp-json\/wp\/v2\/media?parent=106"}],"wp:term":[{"taxonomy":"product_brand","embeddable":true,"href":"https:\/\/packdesites.com\/en\/wp-json\/wp\/v2\/product_brand?post=106"},{"taxonomy":"product_cat","embeddable":true,"href":"https:\/\/packdesites.com\/en\/wp-json\/wp\/v2\/product_cat?post=106"},{"taxonomy":"product_tag","embeddable":true,"href":"https:\/\/packdesites.com\/en\/wp-json\/wp\/v2\/product_tag?post=106"}],"curies":[{"name":"wp","href":"https:\/\/api.w.org\/{rel}","templated":true}]}}