{"id":103,"date":"2024-05-30T20:55:57","date_gmt":"2024-05-30T20:55:57","guid":{"rendered":"https:\/\/packdesites.com\/produto\/phlox-pro-atualizado-sites-e-lojas-de-diversos-nichos\/"},"modified":"2025-11-11T15:22:55","modified_gmt":"2025-11-11T18:22:55","slug":"phlox-pro-updated-websites-and-stores-of-various-niches","status":"publish","type":"product","link":"https:\/\/packdesites.com\/en\/product\/phlox-pro-updated-websites-and-stores-of-various-niches\/","title":{"rendered":"Phlox Pro v5.17.7 \u2013 Multi-Niche Websites and Stores"},"content":{"rendered":"<p class=\"has-vivid-red-color has-text-color has-link-color wp-elements-c4ddfd8e99a814ec224c04ceacc73161\">Once you download the file, extract the zip file. The theme file will be inside the folder <strong>phlox-pro-download-package\\them<\/strong>e. Just upload the file <strong>phlox-pro.zip<\/strong>.<\/p>\n\n\n\n<h5 class=\"wp-block-heading\" id=\"item-description__best-elementor-theme-on-the-market\">Best Elementor theme on the market<\/h5>\n\n\n\n<figure class=\"wp-block-image\"><a href=\"http:\/\/phlox.pro\/go\/\" target=\"_blank\" rel=\"noopener\"><img decoding=\"async\" src=\"https:\/\/packdesites.com\/wp-content\/uploads\/2025\/04\/687474703a2f2f63646e2e6176657274612e6e65742f70726f6a6563742f70686c6f782f70726f2f70726f66696c65323031392f70686c6f782d70726f6d6f2d3332302e676966.gif\" alt=\"Phlox Pro \u2013 MultiPurpose Elementor WordPress Theme \u2013 2\" title=\"\"><\/a><\/figure>\n\n\n\n<h4 class=\"wp-block-heading\" id=\"item-description__phlox-pro-elementor-ultimate-multipurpose-wordpress-theme-for-all-type-of\">Phlox Pro, Ultimate Multipurpose WordPress Elementor Theme for All Types of Websites!<\/h4>\n\n\n\n<p>Phlox is the&nbsp;<strong>best multipurpose Elementor theme<\/strong>&nbsp;you&#039;ve ever seen. It has over 80 Complete Elementor demos that you can simply import and edit in Elementor.<\/p>\n\n\n\n<p>Have your website the way you like it, even more&nbsp;<strong>customizable with elementor page builder<\/strong>&nbsp;Unlike any customizable WordPress theme available on the market, there are 160 elements available for Elementor and options for everything, you have full control over every pixel of your website. Phlox has over 90 Elementor templates.<\/p>\n\n\n\n<h4 class=\"wp-block-heading\" id=\"item-description__-1-elementor-theme-on-market\">#1 Elementor Theme on Market<\/h4>\n\n\n\n<p>Phlox is the most compatible theme with elementor page builder, which is recommended by its official recommended page.<\/p>\n\n\n\n<ul class=\"wp-block-list\">\n<li>All demos are available with Elementor<\/li>\n\n\n\n<li>25+ elementor demos ready to import<\/li>\n\n\n\n<li>160+ Elements Available for Elementor<\/li>\n\n\n\n<li>90+ Elementor Page Templates Available<\/li>\n\n\n\n<li>Fully compatible with Elementor<\/li>\n\n\n\n<li>Unique options and customizable Elementor elements<\/li>\n\n\n\n<li>Elementor Bundle Plugin the best Elementor bundle on the market is included for free<\/li>\n<\/ul>\n\n\n\n<p>Join 14,000 Happy elementor customers on&nbsp;<strong>use of Phlox Elementor theme.<\/strong><\/p>\n\n\n\n<p>Phlox comes with the system of&nbsp;<strong>more powerful and advanced theme options<\/strong>&nbsp;; you can replace the&nbsp;<strong>options for each page<\/strong>&nbsp;or set it&nbsp;<strong>globally<\/strong>&nbsp;to be applied to the entire site and see the results in real time. The intelligent dependency algorithm in the theme options has made working with options fun, simple, and intuitive. This means you can easily find the corresponding options you need in the right position, as expected.<\/p>\n\n\n\n<h4 class=\"wp-block-heading\" id=\"item-description__real-premium-demos-like-no-others-built-in-elementor-page-builder\">Real premium demos like no other built on the&nbsp;<strong>Elementor page builder<\/strong><\/h4>\n\n\n\n<p>Phlox comes with a&nbsp;<strong>exclusive collection of Elementor demos with<\/strong>&nbsp;based on new trends in the web industry, and this collection is&nbsp;<strong>growing continuously<\/strong>&nbsp;. Phlox demos cover a wide variety of categories, including&nbsp;<strong>blogger, photographer, e-commerce, agency, studios, restaurant, food,<\/strong>&nbsp;etc.<\/p>\n\n\n\n<p>All demos are available in Elementor and Phlox comes with a modern setup wizard and&nbsp;<strong>intelligent cloud service<\/strong>&nbsp;to make importing demos faster, easier, and even more secure. You can also choose whether to import all demo content or just a portion of a demo with only&nbsp;<strong>3 simple clicks<\/strong>&nbsp;.<\/p>\n\n\n\n<p>Note: The images used on our demo site are not included in the theme package. and they are watermarked.<\/p>\n\n\n\n<h4 class=\"wp-block-heading\" id=\"item-description__not-only-exclusive-elements-but-also-pixel-perfect-modules\">Not only unique elements, but also pixel perfect modules<\/h4>\n\n\n\n<p>They exist&nbsp;<strong>elements for everything<\/strong>&nbsp;and each of them has many&nbsp;<strong>options to customize every pixel of the element!<\/strong><\/p>\n\n\n\n<p>Thanks to Phlox&#039;s unified and modern design, your website always looks stunning, no matter what combination of elements you use on your site, which is one of the Phlox theme&#039;s secret and golden features. However, you can also find&nbsp;<strong>widgets for almost all your needs<\/strong>&nbsp;. No theme can come close to Phlox when it comes to the variety and number of widgets and elements for Elementor.<\/p>\n\n\n\n<p>There is a&nbsp;<strong>Elementor madoule growing library<\/strong>&nbsp;that you can use to make your website even faster.<\/p>\n\n\n\n<h4 class=\"wp-block-heading\" id=\"item-description__thanks-to-elementor-build-visually-no-coding-required\">Thanks to Elementor, Build visually, no coding required<\/h4>\n\n\n\n<p>You can create almost anything&nbsp;<strong>visually<\/strong>&nbsp;only with the&nbsp;<strong>mouse<\/strong>&nbsp;, simply&nbsp;<strong>drag and drop<\/strong>&nbsp;; yes it is true.<\/p>\n\n\n\n<p>Us&nbsp;<strong>to combine<\/strong>&nbsp;the power of&nbsp;<strong>Elementor page builder, Elementor plugin addon pack, WordPress live customizer<\/strong>&nbsp;and our award-winning&nbsp;<strong>Auxin Framework<\/strong>&nbsp;to help you create the best websites without&nbsp;<strong>touch a line of code<\/strong>&nbsp;with ease.<\/p>\n\n\n\n<ul class=\"wp-block-list\">\n<li>Use the&nbsp;<strong>Elementor page builder and element pack plugin or Visual Composer and Ultimate addon visual composer<\/strong>&nbsp;to create a page.<\/li>\n\n\n\n<li>Use the&nbsp;<strong>customizer<\/strong>&nbsp;to the&nbsp;<strong>alive<\/strong>&nbsp;to see the changes in real time and decide whether you want them or not.<\/li>\n\n\n\n<li>Use Elementor to&nbsp;<strong>create a web page while<\/strong>&nbsp;.<\/li>\n\n\n\n<li>Use the page&#039;s visual options to&nbsp;<strong>customize a specific page<\/strong>&nbsp;.<\/li>\n\n\n\n<li>Use the blog&#039;s visual options to&nbsp;<strong>customize your<\/strong>&nbsp;page.<\/li>\n\n\n\n<li>Use the visual post options to&nbsp;<strong>customize posts<\/strong>&nbsp;.<\/li>\n\n\n\n<li>Use the store&#039;s visual options to&nbsp;<strong>customize the store<\/strong>&nbsp;and&nbsp;<strong>the store<\/strong>&nbsp;online.<\/li>\n\n\n\n<li>Use the news visual options to&nbsp;<strong>customize the<\/strong>&nbsp;page of&nbsp;<strong>news<\/strong>&nbsp;.<\/li>\n\n\n\n<li>Use visual portfolio options to&nbsp;<strong>customize your<\/strong>&nbsp;page of&nbsp;<strong>portfolio<\/strong>&nbsp;.<\/li>\n\n\n\n<li>Use the go pricing table to create a&nbsp;<strong>table<\/strong>&nbsp;or&nbsp;<strong>pricing plan&nbsp;<\/strong><strong>professional<\/strong>&nbsp;.<\/li>\n<\/ul>\n\n\n\n<h4 class=\"wp-block-heading\" id=\"item-description__best-choice-of-freelancers\">Best choice of freelancers<\/h4>\n\n\n\n<p>Because Phlox was also developed with freelancers in mind, there are countless options for almost anything you need.&nbsp;<strong>well-written and commented code from top WordPress developers<\/strong>&nbsp;makes you able to simply modify and customize Phlox to&nbsp;<strong>create a unique website<\/strong>&nbsp;for each of your customers&nbsp;<strong>at no time<\/strong>&nbsp;. You will keep the Phlox after using it.<\/p>\n\n\n\n<h4 class=\"wp-block-heading\" id=\"item-description__true-blogging-theme\">True blog theme<\/h4>\n\n\n\n<p>Whether you are a&nbsp;<strong>professional blogger<\/strong>&nbsp;or just want to get started and enter the world of&nbsp;<strong>blogs<\/strong>&nbsp;, Phlox has a variety of options and modern layouts to make it&nbsp;<strong>a professional blogger<\/strong>&nbsp;.<\/p>\n\n\n\n<p>It has everything for blogging, really everything! Phlox comes with&nbsp;<strong>best practices in<\/strong>&nbsp;design of&nbsp;<strong>typography<\/strong>&nbsp;also, which ensures that the&nbsp;<strong>content is truly readable and crystal clear on all devices<\/strong>&nbsp;for everyone. Plus, Phlox covers all the different blog styles and layouts, like&nbsp;<strong>grid, masonry, timeline, tile, terrain, classic, carousel<\/strong>&nbsp;and etc.<\/p>\n\n\n\n<p>It&#039;s hard to believe, but there isn&#039;t a single essential blogging tool or feature you can&#039;t find in Phlox. It&#039;s&nbsp;<strong>guaranteed<\/strong>&nbsp;.<\/p>\n\n\n\n<h4 class=\"wp-block-heading\" id=\"item-description__pixel-perfect-portfolio-theme\">Pixel Perfect Portfolio Theme<\/h4>\n\n\n\n<p>You want to showcase your projects and we want you to showcase your projects. You just put&nbsp;<strong>your projects on your website<\/strong>&nbsp;and Phlox is in charge of showing them off&nbsp;<strong>best possible way<\/strong>&nbsp;. Don&#039;t worry, there are&nbsp;<strong>different styles<\/strong>&nbsp;to meet the&nbsp;<strong>different types of projects<\/strong>&nbsp;.<\/p>\n\n\n\n<h4 class=\"wp-block-heading\" id=\"item-description__beautiful-online-store\">Beautiful online store<\/h4>\n\n\n\n<p>Use the power of&nbsp;<strong>shopping platform<\/strong>&nbsp;most popular online&nbsp;<strong>, WooCommerce<\/strong>&nbsp;in Phlox, to&nbsp;<strong>sell anything<\/strong>&nbsp;. Sell more and allow your&nbsp;<strong>customers<\/strong>&nbsp;do&nbsp;<strong>shopping<\/strong>&nbsp;online.<\/p>\n\n\n\n<h4 class=\"wp-block-heading\" id=\"item-description__master-slider-exclusive-slider\">Master Slider (Exclusive Slider)<\/h4>\n\n\n\n<p>Phlox theme is made by&nbsp;<strong>warn<\/strong>&nbsp;, the team behind the famous project&nbsp;<strong>Master Slider<\/strong>&nbsp;, the most advanced swipe tap plugin on the market. The good news is that you can take advantage of using&nbsp;<strong>Master Slider power with Phlox<\/strong>&nbsp;and get the benefits of some&nbsp;<strong>special features only available in Phlox<\/strong>&nbsp;The Phlox theme is the most recommended theme for Master Slider. Get access to exclusive Master Slider features and always be the first to access them.<\/p>\n\n\n\n<h4 class=\"wp-block-heading\" id=\"item-description__popular-premium-plugins-are-bundled-with-phlox\">Popular Premium Plugins are Included in the Phlox Bundle<\/h4>\n\n\n\n<p>We&#039;ve included all the best plugins for you. So,&nbsp;<strong>Phlox is all you need<\/strong>&nbsp;to create an amazing website that you&nbsp;<strong>always wanted<\/strong>&nbsp;.<\/p>\n\n\n\n<p>The following plugin has been purchased for you and included in the Phlox theme. (&nbsp;<strong>No more expenses, no hidden fees<\/strong>&nbsp;).<\/p>\n\n\n\n<p><strong>Visual Composer ($ 45)<\/strong>&nbsp;The best Visual Page builder that works with Phlox better than any theme. (already purchased, free for you)<\/p>\n\n\n\n<p><strong>Master Slider ($ 25)<\/strong>&nbsp;The best touch and responsive slider you can find on the market, it has some special features that only work with Phlox. (Already purchased, free for you)<\/p>\n\n\n\n<p><strong>Go Price ($ 25)<\/strong>&nbsp;Create a hassle-free pricing table in no time. (already purchased, free for you)<\/p>\n\n\n\n<p><strong>Final complement (US $ 25)<\/strong>&nbsp;Brings a variety of elements to your website. (already purchased, free for you)<\/p>\n\n\n\n<h4 class=\"wp-block-heading\" id=\"item-description__compatible-with-the-best-plugins\">Compatible with the best plugins<\/h4>\n\n\n\n<p>We made Phlox compatible with&nbsp;<strong>plug<\/strong>&nbsp;\u2013&nbsp;<strong>most popular ins<\/strong>&nbsp;to ensure that your website&nbsp;<strong>work better<\/strong>&nbsp;with the plugins you might need. Below is a list of compatible plugins that is constantly growing.<\/p>\n\n\n\n<ul class=\"wp-block-list\">\n<li>Website Source Page Builder<\/li>\n\n\n\n<li>Instagram Feed<\/li>\n\n\n\n<li>Yoast SEO<\/li>\n\n\n\n<li>Recent Tweets Widget<\/li>\n\n\n\n<li>Automatic optimization<\/li>\n\n\n\n<li>Custom Facebook Feed<\/li>\n\n\n\n<li>Related Posts<\/li>\n\n\n\n<li>Contact Form 7<\/li>\n\n\n\n<li>WP ULike<\/li>\n\n\n\n<li>Image optimization<\/li>\n\n\n\n<li>Visual CSS style editor<\/li>\n\n\n\n<li>Popular Posts<\/li>\n\n\n\n<li>Justified Flickr Gallery<\/li>\n\n\n\n<li>Visual CSS style editor<\/li>\n\n\n\n<li>MailChimp for WordPress<\/li>\n\n\n\n<li>SiteOrigin Widget Pack<\/li>\n\n\n\n<li>WooCommerce<\/li>\n\n\n\n<li>Popular WordPress Posts<\/li>\n<\/ul>\n\n\n\n<h4 class=\"wp-block-heading\" id=\"item-description__site-layouts-freedom\">Freedom of website layouts<\/h4>\n\n\n\n<p>Almost every layout you can imagine is available in Phlox theme, you can easily change layouts with a few simple clicks.&nbsp;<strong>Website box, full width, frame<\/strong>&nbsp;, etc.<\/p>\n\n\n\n<h4 class=\"wp-block-heading\" id=\"item-description__header-layouts-freedom\">Freedom of header layouts<\/h4>\n\n\n\n<p>They exist&nbsp;<strong>6 different header layouts<\/strong>&nbsp;and each of them has some options to make the necessary changes. There are also&nbsp;<strong>a vertical header<\/strong>&nbsp;and you may even have&nbsp;<strong>different headers<\/strong>&nbsp;for yours&nbsp;<strong>different pages<\/strong>&nbsp;, that&#039;s great!<\/p>\n\n\n\n<ul class=\"wp-block-list\">\n<li>Fixed header<\/li>\n\n\n\n<li>Burger menu<\/li>\n\n\n\n<li>Full screen menu<\/li>\n\n\n\n<li>Vertical Menu<\/li>\n\n\n\n<li>Top Header Bar<\/li>\n<\/ul>\n\n\n\n<h4 class=\"wp-block-heading\" id=\"item-description__page-title-layouts-freedom\">Freedom of page title layouts<\/h4>\n\n\n\n<p>They exist&nbsp;<strong>8<\/strong>&nbsp;styles&nbsp;<strong>different presets<\/strong>&nbsp;to choose and&nbsp;<strong>21 advanced options<\/strong>&nbsp;to customize your page title, expect not all, you set&nbsp;<strong>page titles&nbsp;<\/strong><strong>different<\/strong>&nbsp;to&nbsp;<strong>pages, posts<\/strong>&nbsp;and etc.<\/p>\n\n\n\n<h4 class=\"wp-block-heading\" id=\"item-description__page-layouts-freedom\">Freedom of page layouts<\/h4>\n\n\n\n<p>Take advantage of the possibility of having&nbsp;<strong>1, 2 or none<\/strong>&nbsp;sidebar on each page and also select the&nbsp;<strong>style your sidebars differently<\/strong>&nbsp;from the other pages.<\/p>\n\n\n\n<h4 class=\"wp-block-heading\" id=\"item-description__footer-layouts-freedom\">Freedom of footer layouts<\/h4>\n\n\n\n<p>You want to have&nbsp;<strong>footer, subfooter<\/strong>&nbsp;and even a&nbsp;<strong>secondary subfooter bar?&nbsp;<\/strong>This is easy in Phlox, and you also have options to customize them separately according to your taste.<\/p>\n\n\n\n<h4 class=\"wp-block-heading\" id=\"item-description__fancy-transitions\">Fancy transitions<\/h4>\n\n\n\n<p>They exist&nbsp;<strong>4 preload transitions<\/strong>&nbsp;to choose from and you can also use your own GIF animation if you want.<\/p>\n\n\n\n<p>There are fancy transitions almost everywhere you need them.<\/p>\n\n\n\n<ul class=\"wp-block-list\">\n<li>Page transition<\/li>\n\n\n\n<li>Parallax transition<\/li>\n\n\n\n<li>Product focus effect<\/li>\n\n\n\n<li>Project focus effect<\/li>\n\n\n\n<li>Gallery transition<\/li>\n<\/ul>\n\n\n\n<h4 class=\"wp-block-heading\" id=\"item-description__image-gallery\">Image gallery<\/h4>\n\n\n\n<p>Do you like the way images are displayed on the Flickr website? or on Google images? Or maybe you would like to have a gallery with these layouts on your website?<\/p>\n\n\n\n<p>Have a&nbsp;<strong>WordPress theme with a gallery like Flickr or Google images<\/strong>&nbsp;It&#039;s no longer a dream with the Phlox theme. Phlox comes with a modern image gallery with different patterns and layouts to choose from. It also features AJAX loading, which preloads gallery images as visitors begin scrolling, boosting your site&#039;s performance.<\/p>\n\n\n\n<h4 class=\"wp-block-heading\" id=\"item-description__responsive-in-a-modern-way\">Responsive in a modern way<\/h4>\n\n\n\n<p>Phlox is&nbsp;<strong>really responsive<\/strong>&nbsp;and you can have your website look good no matter what devices you&#039;re using. But yes, there is a but and&nbsp;<strong>good news<\/strong>&nbsp;. we also added some&nbsp;<strong>options to change what you may need on different devices<\/strong>&nbsp;You can, for example, have a fixed header on desktop and not on mobile, or a grid set in 6 columns on desktop and define a different one on mobile, and much more.<\/p>\n\n\n\n<h4 class=\"wp-block-heading\" id=\"item-description__wpml-and-rtl\">WPML and RTL<\/h4>\n\n\n\n<p>As we all know, for&nbsp;<strong>grow a business<\/strong>&nbsp;you have to&nbsp;<strong>cover globally<\/strong>&nbsp;, sooner or later you need to&nbsp;<strong>have your website in multiple languages<\/strong>&nbsp;and some of them may be in the layout of the&nbsp;<strong>right to left<\/strong>&nbsp;or languages. The good news is that we&#039;ve got you covered in this part, you can&nbsp;<strong>have a multilingual website<\/strong>&nbsp;and of the&nbsp;<strong>right to left<\/strong>&nbsp;really easy. There is also a&nbsp;<strong>right to left demonstration<\/strong>&nbsp;in our demo list, which you can take a look at for inspiration (note: this demo is not available in the demo importer)<\/p>\n\n\n\n<p><\/p>","protected":false},"excerpt":{"rendered":"<p>Ao baixar o arquivo, extraia o zip. O arquivo do tema estar\u00e1 dentro da pasta phlox-pro-download-package\\theme. \u00c9 s\u00f3 fazer upload do arquivo phlox-pro.zip. Melhor tema Elementor do mercado Phlox Pro, tema WordPress Elementor Ultimate Multipurpose para todos os tipos de sites! Phlox \u00e9 o&nbsp;melhor tema multiuso Elementor&nbsp;que voc\u00ea j\u00e1 viu.&nbsp;Possui mais de 80 demos do [&hellip;]<\/p>","protected":false},"featured_media":105,"comment_status":"closed","ping_status":"open","template":"","meta":{"_jf_limit_responses":"","iawp_total_views":346},"product_brand":[],"product_cat":[22],"product_tag":[19],"class_list":{"0":"post-103","1":"product","2":"type-product","3":"status-publish","4":"has-post-thumbnail","6":"product_cat-temas-wordpress","7":"product_tag-vitalicio","9":"first","10":"instock","11":"downloadable","12":"virtual","13":"purchasable","14":"product-type-simple"},"_links":{"self":[{"href":"https:\/\/packdesites.com\/en\/wp-json\/wp\/v2\/product\/103","targetHints":{"allow":["GET"]}}],"collection":[{"href":"https:\/\/packdesites.com\/en\/wp-json\/wp\/v2\/product"}],"about":[{"href":"https:\/\/packdesites.com\/en\/wp-json\/wp\/v2\/types\/product"}],"replies":[{"embeddable":true,"href":"https:\/\/packdesites.com\/en\/wp-json\/wp\/v2\/comments?post=103"}],"version-history":[{"count":1,"href":"https:\/\/packdesites.com\/en\/wp-json\/wp\/v2\/product\/103\/revisions"}],"predecessor-version":[{"id":22813,"href":"https:\/\/packdesites.com\/en\/wp-json\/wp\/v2\/product\/103\/revisions\/22813"}],"wp:featuredmedia":[{"embeddable":true,"href":"https:\/\/packdesites.com\/en\/wp-json\/wp\/v2\/media\/105"}],"wp:attachment":[{"href":"https:\/\/packdesites.com\/en\/wp-json\/wp\/v2\/media?parent=103"}],"wp:term":[{"taxonomy":"product_brand","embeddable":true,"href":"https:\/\/packdesites.com\/en\/wp-json\/wp\/v2\/product_brand?post=103"},{"taxonomy":"product_cat","embeddable":true,"href":"https:\/\/packdesites.com\/en\/wp-json\/wp\/v2\/product_cat?post=103"},{"taxonomy":"product_tag","embeddable":true,"href":"https:\/\/packdesites.com\/en\/wp-json\/wp\/v2\/product_tag?post=103"}],"curies":[{"name":"wp","href":"https:\/\/api.w.org\/{rel}","templated":true}]}}