{"id":1022,"date":"2022-08-05T03:00:00","date_gmt":"2022-08-05T03:00:00","guid":{"rendered":"https:\/\/packdesites.com\/produto\/medicale-site-de-saude-e-medicina\/"},"modified":"2025-04-03T00:38:21","modified_gmt":"2025-04-03T00:38:21","slug":"medicale-health-and-medicine-website","status":"publish","type":"product","link":"https:\/\/packdesites.com\/en\/product\/medicale-health-and-medicine-website\/","title":{"rendered":"Medicale \u2013 Health and medicine website"},"content":{"rendered":"<p>Medicale is a modern and clean Healthcare &amp; Medical Elementor Template Kit that you can use to build a website for medical awareness, healthcare, hospital, clinic, doctor, dentist, COVID-19 awareness &amp; prevention, or any other medical or health related business.<\/p>\n\n\n\n<p>This template kit includes stunning 10 stunning templates, you can build your professional looking company business website just a click away.<\/p>\n\n\n\n<p><strong>All features<\/strong><\/p>\n\n\n\n<ul class=\"wp-block-list\"><li>Styles and effects are created within the Elementor panel, no coding at all<\/li><li>100% Compatibility with Elementor Free Version<\/li><li>Save money! This kit uses free Google Fonts and does not require Elementor Pro<\/li><li>10 customizable page layouts<\/li><li>18 well-designed section templates<\/li><li>Elegant and minimalist style<\/li><li>Elegant colors and tones<\/li><li>Responsive and great for Desktop, Laptop and Mobile<\/li><li>Design of All Core WordPress Widgets<\/li><li>Seamless pixel design<\/li><li>Easy to use and modify<\/li><li>Fully responsive fluid<\/li><li>Fully editable symbols<\/li><li>Responsive and professional support from a dedicated team<\/li><\/ul>\n\n\n\n<p><strong>Main features<\/strong>&nbsp;Medicale offers a clean, neat and professional template to create WordPress websites. You will need Elementor Pro as the premium plugin before you can use this web page builder kit. The entire package includes several key features, which are:<\/p>\n\n\n\n<ul class=\"wp-block-list\"><li>Home page<\/li><li>Our doctors page<\/li><li>Doctor Details Page<\/li><li>Temporary page<\/li><li>Working Hours Page<\/li><li>Nomination page<\/li><li>Gallery Page<\/li><li>About Us Page<\/li><li>Services Page<\/li><li>Contact Us Page<\/li><\/ul>","protected":false},"excerpt":{"rendered":"<p>Medicale \u00e9 um moderno e limpo Kit de Modelos De Sa\u00fade e Elementor M\u00e9dicos que voc\u00ea pode usar para construir um site para conscientiza\u00e7\u00e3o m\u00e9dica, sa\u00fade, hospital, cl\u00ednica, m\u00e9dico, dentista, COVID-19 conscientiza\u00e7\u00e3o &amp; preven\u00e7\u00e3o, ou qualquer outro neg\u00f3cio m\u00e9dico ou relacionado \u00e0 sa\u00fade. Este kit de modelos inclui impressionantes 10 modelos impressionantes, voc\u00ea pode construir [&hellip;]<\/p>","protected":false},"featured_media":1023,"comment_status":"closed","ping_status":"open","template":"","meta":{"_jf_limit_responses":"","iawp_total_views":39},"product_brand":[],"product_cat":[27,29,23,24],"product_tag":[19],"class_list":{"0":"post-1022","1":"product","2":"type-product","3":"status-publish","4":"has-post-thumbnail","6":"product_cat-prestadores-de-servicos","7":"product_cat-saude-e-bem-estar","8":"product_cat-templates-elementor-e-envato","9":"product_cat-templates-envato","10":"product_tag-vitalicio","12":"first","13":"instock","14":"downloadable","15":"virtual","16":"purchasable","17":"product-type-simple"},"_links":{"self":[{"href":"https:\/\/packdesites.com\/en\/wp-json\/wp\/v2\/product\/1022","targetHints":{"allow":["GET"]}}],"collection":[{"href":"https:\/\/packdesites.com\/en\/wp-json\/wp\/v2\/product"}],"about":[{"href":"https:\/\/packdesites.com\/en\/wp-json\/wp\/v2\/types\/product"}],"replies":[{"embeddable":true,"href":"https:\/\/packdesites.com\/en\/wp-json\/wp\/v2\/comments?post=1022"}],"version-history":[{"count":0,"href":"https:\/\/packdesites.com\/en\/wp-json\/wp\/v2\/product\/1022\/revisions"}],"wp:featuredmedia":[{"embeddable":true,"href":"https:\/\/packdesites.com\/en\/wp-json\/wp\/v2\/media\/1023"}],"wp:attachment":[{"href":"https:\/\/packdesites.com\/en\/wp-json\/wp\/v2\/media?parent=1022"}],"wp:term":[{"taxonomy":"product_brand","embeddable":true,"href":"https:\/\/packdesites.com\/en\/wp-json\/wp\/v2\/product_brand?post=1022"},{"taxonomy":"product_cat","embeddable":true,"href":"https:\/\/packdesites.com\/en\/wp-json\/wp\/v2\/product_cat?post=1022"},{"taxonomy":"product_tag","embeddable":true,"href":"https:\/\/packdesites.com\/en\/wp-json\/wp\/v2\/product_tag?post=1022"}],"curies":[{"name":"wp","href":"https:\/\/api.w.org\/{rel}","templated":true}]}}