{"id":1014,"date":"2022-08-05T03:00:00","date_gmt":"2022-08-05T03:00:00","guid":{"rendered":"https:\/\/packdesites.com\/produto\/dentlab-site-de-saude-e-medicina\/"},"modified":"2025-04-03T00:38:15","modified_gmt":"2025-04-03T00:38:15","slug":"dentlab-health-and-medicine-website","status":"publish","type":"product","link":"https:\/\/packdesites.com\/en\/product\/dentlab-health-and-medicine-website\/","title":{"rendered":"Dentlab \u2013 Health and medical website"},"content":{"rendered":"<p>Dentlab is a modern Elementor Template Kit that perfects the creation of a WordPress-based website for a Dentist &amp; Dental Clinic, Dental Doctor, Healthcare, Doctor or any other medical or health-related business. This template has a professional design with a responsive 100% layout, is retina-ready, and is very easy to customize using Elementor so you don&#039;t need a single line of coding!<\/p>\n\n\n\n<p>This template kit includes stunning 10 stunning templates, you can build your professional looking company business website just a click away.<\/p>\n\n\n\n<p><strong>All features<\/strong><\/p>\n\n\n\n<ul class=\"wp-block-list\"><li>Styles and effects are created within the Elementor panel, no coding at all<\/li><li>10 customizable page layouts<\/li><li>18 well-designed section templates<\/li><li>Elegant and minimalist style<\/li><li>Elegant colors and tones<\/li><li>Responsive for desktop, laptop and mobile<\/li><li>Design of All Core WordPress Widgets<\/li><li>Seamless pixel design<\/li><li>Easy to use and modify<\/li><li>Fully responsive fluid<\/li><li>Fully editable symbols<\/li><\/ul>\n\n\n\n<p><strong>Main features<\/strong>&nbsp;Dentlab offers a clean, neat, and professional template for creating WordPress websites. You will need Elementor Pro as the premium plugin before you can use this web page builder kit. The entire package includes several key features, which are:<\/p>\n\n\n\n<ul class=\"wp-block-list\"><li>Home Page 1<\/li><li>Home Page 2<\/li><li>Services Page<\/li><li>Single Service Page<\/li><li>Pricing Page<\/li><li>Contact Us Page<\/li><li>About Us Page<\/li><li>Team Page<\/li><li>Gallery Page<\/li><li>Our history page<\/li><\/ul>","protected":false},"excerpt":{"rendered":"<p>Dentlab \u00e9 um moderno Kit de Modelo Elementor que aperfei\u00e7oa a cria\u00e7\u00e3o de um site baseado no WordPress para uma Cl\u00ednica Dentista &amp; Odontol\u00f3gica, M\u00e9dico Odontol\u00f3gico, Sa\u00fade, M\u00e9dico ou qualquer outro neg\u00f3cio m\u00e9dico ou relacionado \u00e0 sa\u00fade. Este modelo tem um design profissional com um layout 100% responsivo, est\u00e1 pronto para retina, e \u00e9 muito [&hellip;]<\/p>","protected":false},"featured_media":1015,"comment_status":"closed","ping_status":"open","template":"","meta":{"_jf_limit_responses":"","iawp_total_views":30},"product_brand":[],"product_cat":[27,29,23,24],"product_tag":[19],"class_list":{"0":"post-1014","1":"product","2":"type-product","3":"status-publish","4":"has-post-thumbnail","6":"product_cat-prestadores-de-servicos","7":"product_cat-saude-e-bem-estar","8":"product_cat-templates-elementor-e-envato","9":"product_cat-templates-envato","10":"product_tag-vitalicio","12":"first","13":"instock","14":"downloadable","15":"virtual","16":"purchasable","17":"product-type-simple"},"_links":{"self":[{"href":"https:\/\/packdesites.com\/en\/wp-json\/wp\/v2\/product\/1014","targetHints":{"allow":["GET"]}}],"collection":[{"href":"https:\/\/packdesites.com\/en\/wp-json\/wp\/v2\/product"}],"about":[{"href":"https:\/\/packdesites.com\/en\/wp-json\/wp\/v2\/types\/product"}],"replies":[{"embeddable":true,"href":"https:\/\/packdesites.com\/en\/wp-json\/wp\/v2\/comments?post=1014"}],"version-history":[{"count":0,"href":"https:\/\/packdesites.com\/en\/wp-json\/wp\/v2\/product\/1014\/revisions"}],"wp:featuredmedia":[{"embeddable":true,"href":"https:\/\/packdesites.com\/en\/wp-json\/wp\/v2\/media\/1015"}],"wp:attachment":[{"href":"https:\/\/packdesites.com\/en\/wp-json\/wp\/v2\/media?parent=1014"}],"wp:term":[{"taxonomy":"product_brand","embeddable":true,"href":"https:\/\/packdesites.com\/en\/wp-json\/wp\/v2\/product_brand?post=1014"},{"taxonomy":"product_cat","embeddable":true,"href":"https:\/\/packdesites.com\/en\/wp-json\/wp\/v2\/product_cat?post=1014"},{"taxonomy":"product_tag","embeddable":true,"href":"https:\/\/packdesites.com\/en\/wp-json\/wp\/v2\/product_tag?post=1014"}],"curies":[{"name":"wp","href":"https:\/\/api.w.org\/{rel}","templated":true}]}}