{"id":1002,"date":"2022-12-13T03:00:00","date_gmt":"2022-12-13T03:00:00","guid":{"rendered":"https:\/\/packdesites.com\/produto\/dentacare-site-de-saude-e-medicina\/"},"modified":"2025-04-03T00:38:06","modified_gmt":"2025-04-03T00:38:06","slug":"dentacare-health-and-medicine-website","status":"publish","type":"product","link":"https:\/\/packdesites.com\/en\/product\/dentacare-health-and-medicine-website\/","title":{"rendered":"DentaCare \u2013 Health and Medical Website"},"content":{"rendered":"<p>DentaCare is an elementor template kit for dentist and medical service. It has 12+ pre-built templates with modern design and professional layout style. You can easily use this creative template kit for any type of dental care and medical service such as dentist and dental clinic, dental doctor, health, medical website.<\/p>\n\n\n\n<p>Save your time to create a professional dental services website to promote your medical business with this elementor template kit. Just drag and drop, no coding required.<\/p>\n\n\n\n<p><strong>Layout features:<\/strong><\/p>\n\n\n\n<ul class=\"wp-block-list\">\n<li>Modern and professional design<\/li>\n\n\n\n<li>Built with Elementor Pro<\/li>\n\n\n\n<li>100% Responsive and Mobile Friendly<\/li>\n\n\n\n<li>12+ pre-built templates<\/li>\n\n\n\n<li>Easy to customize<\/li>\n\n\n\n<li>Template Kit created with Elementor Hello Theme<\/li>\n<\/ul>\n\n\n\n<p><strong>This kit requires the Elementor Pro upgrade to Elementor (not included)<\/strong><\/p>\n\n\n\n<p><strong>What&#039;s included<\/strong><\/p>\n\n\n\n<ul class=\"wp-block-list\">\n<li>Home page<\/li>\n\n\n\n<li>About us<\/li>\n\n\n\n<li>Blog<\/li>\n\n\n\n<li>Contact us<\/li>\n\n\n\n<li>Archiving<\/li>\n\n\n\n<li>Error 404<\/li>\n\n\n\n<li>Single post<\/li>\n\n\n\n<li>Doctor<\/li>\n\n\n\n<li>FAQ<\/li>\n\n\n\n<li>Pricing plan<\/li>\n\n\n\n<li>Service<\/li>\n\n\n\n<li>Single service<\/li>\n\n\n\n<li>Global theme<\/li>\n\n\n\n<li>Header<\/li>\n\n\n\n<li>Baseboard<\/li>\n<\/ul>","protected":false},"excerpt":{"rendered":"<p>DentaCare \u00e9 um template kit elementor para dentista e servi\u00e7o m\u00e9dico. Possui mais de 12 modelos pr\u00e9-constru\u00eddos com design moderno e estilo de layout profissional. Voc\u00ea pode facilmente usar este template kit criativo para qualquer tipo de atendimento odontol\u00f3gico e servi\u00e7o m\u00e9dico, como dentista e cl\u00ednica odontol\u00f3gica, m\u00e9dico dent\u00e1rio, sa\u00fade, site m\u00e9dico. Economize seu tempo [&hellip;]<\/p>","protected":false},"featured_media":1003,"comment_status":"closed","ping_status":"open","template":"","meta":{"_jf_limit_responses":"","iawp_total_views":108},"product_brand":[],"product_cat":[27,29,23,24],"product_tag":[19],"class_list":{"0":"post-1002","1":"product","2":"type-product","3":"status-publish","4":"has-post-thumbnail","6":"product_cat-prestadores-de-servicos","7":"product_cat-saude-e-bem-estar","8":"product_cat-templates-elementor-e-envato","9":"product_cat-templates-envato","10":"product_tag-vitalicio","12":"first","13":"instock","14":"downloadable","15":"virtual","16":"purchasable","17":"product-type-simple"},"_links":{"self":[{"href":"https:\/\/packdesites.com\/en\/wp-json\/wp\/v2\/product\/1002","targetHints":{"allow":["GET"]}}],"collection":[{"href":"https:\/\/packdesites.com\/en\/wp-json\/wp\/v2\/product"}],"about":[{"href":"https:\/\/packdesites.com\/en\/wp-json\/wp\/v2\/types\/product"}],"replies":[{"embeddable":true,"href":"https:\/\/packdesites.com\/en\/wp-json\/wp\/v2\/comments?post=1002"}],"version-history":[{"count":0,"href":"https:\/\/packdesites.com\/en\/wp-json\/wp\/v2\/product\/1002\/revisions"}],"wp:featuredmedia":[{"embeddable":true,"href":"https:\/\/packdesites.com\/en\/wp-json\/wp\/v2\/media\/1003"}],"wp:attachment":[{"href":"https:\/\/packdesites.com\/en\/wp-json\/wp\/v2\/media?parent=1002"}],"wp:term":[{"taxonomy":"product_brand","embeddable":true,"href":"https:\/\/packdesites.com\/en\/wp-json\/wp\/v2\/product_brand?post=1002"},{"taxonomy":"product_cat","embeddable":true,"href":"https:\/\/packdesites.com\/en\/wp-json\/wp\/v2\/product_cat?post=1002"},{"taxonomy":"product_tag","embeddable":true,"href":"https:\/\/packdesites.com\/en\/wp-json\/wp\/v2\/product_tag?post=1002"}],"curies":[{"name":"wp","href":"https:\/\/api.w.org\/{rel}","templated":true}]}}