{"id":1000,"date":"2022-08-04T03:00:00","date_gmt":"2022-08-04T03:00:00","guid":{"rendered":"https:\/\/packdesites.com\/produto\/carenow-site-de-saude-e-medicina\/"},"modified":"2025-04-03T00:38:04","modified_gmt":"2025-04-03T00:38:04","slug":"carenow-health-and-medicine-website","status":"publish","type":"product","link":"https:\/\/packdesites.com\/en\/product\/carenow-health-and-medicine-website\/","title":{"rendered":"Carenow \u2013 Medical and Dental Template"},"content":{"rendered":"<p><strong>Carenow<\/strong>&nbsp;is an Elementor Template Kit for dentist and dental clinic, dental doctor, healthcare doctor, physician or any other medical or health related business. This kit has a beautiful and unique design with a responsive and retina ready 100% layout. Carenow Template Kit is powered by the popular Elementor page builder plugin. This template is easily customizable, fully responsive and supports all modern browsers and devices.<\/p>\n\n\n\n<p>### Required plugins:<\/p>\n\n\n\n<ul class=\"wp-block-list\">\n<li>Elementor<\/li>\n\n\n\n<li>Themesflat Addons for Elementor<\/li>\n\n\n\n<li>MetForm<\/li>\n\n\n\n<li>ElementsKit Lite<\/li>\n<\/ul>\n\n\n\n<p>### Main features of the kit:<\/p>\n\n\n\n<ul class=\"wp-block-list\">\n<li>No coding knowledge<\/li>\n\n\n\n<li>Completely with the free version of Elementor (Elementor Pro is not required)<\/li>\n\n\n\n<li>Header and Footer Builder Included<\/li>\n\n\n\n<li>One-click demo import<\/li>\n\n\n\n<li>Modern style.<\/li>\n\n\n\n<li>Clear and clean layout<\/li>\n\n\n\n<li>Cross-browser compatible<\/li>\n\n\n\n<li>Post Widget<\/li>\n\n\n\n<li>Carousel Slide Box (Create sliders with anything)<\/li>\n\n\n\n<li>Ultra-responsive and Retina-ready<\/li>\n\n\n\n<li>Compatible with any WordPress Templates<\/li>\n\n\n\n<li>Search engine optimized<\/li>\n<\/ul>","protected":false},"excerpt":{"rendered":"<p>Carenow&nbsp;\u00e9 um Template Kit Elementor para dentista e cl\u00ednica odontol\u00f3gica, m\u00e9dico dent\u00e1rio, m\u00e9dico de sa\u00fade, m\u00e9dico ou qualquer outro neg\u00f3cio m\u00e9dico ou relacionado \u00e0 sa\u00fade. Este kit tem um design bonito e exclusivo, com um layout 100% responsivo e pronto para retina. O Carenow Template Kit \u00e9 usado no popular plugin de cria\u00e7\u00e3o de p\u00e1ginas [&hellip;]<\/p>","protected":false},"featured_media":1001,"comment_status":"closed","ping_status":"open","template":"","meta":{"_jf_limit_responses":"","iawp_total_views":52},"product_brand":[],"product_cat":[29,23,24],"product_tag":[19],"class_list":{"0":"post-1000","1":"product","2":"type-product","3":"status-publish","4":"has-post-thumbnail","6":"product_cat-saude-e-bem-estar","7":"product_cat-templates-elementor-e-envato","8":"product_cat-templates-envato","9":"product_tag-vitalicio","11":"first","12":"instock","13":"downloadable","14":"virtual","15":"purchasable","16":"product-type-simple"},"_links":{"self":[{"href":"https:\/\/packdesites.com\/en\/wp-json\/wp\/v2\/product\/1000","targetHints":{"allow":["GET"]}}],"collection":[{"href":"https:\/\/packdesites.com\/en\/wp-json\/wp\/v2\/product"}],"about":[{"href":"https:\/\/packdesites.com\/en\/wp-json\/wp\/v2\/types\/product"}],"replies":[{"embeddable":true,"href":"https:\/\/packdesites.com\/en\/wp-json\/wp\/v2\/comments?post=1000"}],"version-history":[{"count":0,"href":"https:\/\/packdesites.com\/en\/wp-json\/wp\/v2\/product\/1000\/revisions"}],"wp:featuredmedia":[{"embeddable":true,"href":"https:\/\/packdesites.com\/en\/wp-json\/wp\/v2\/media\/1001"}],"wp:attachment":[{"href":"https:\/\/packdesites.com\/en\/wp-json\/wp\/v2\/media?parent=1000"}],"wp:term":[{"taxonomy":"product_brand","embeddable":true,"href":"https:\/\/packdesites.com\/en\/wp-json\/wp\/v2\/product_brand?post=1000"},{"taxonomy":"product_cat","embeddable":true,"href":"https:\/\/packdesites.com\/en\/wp-json\/wp\/v2\/product_cat?post=1000"},{"taxonomy":"product_tag","embeddable":true,"href":"https:\/\/packdesites.com\/en\/wp-json\/wp\/v2\/product_tag?post=1000"}],"curies":[{"name":"wp","href":"https:\/\/api.w.org\/{rel}","templated":true}]}}