{"id":21625,"date":"2025-05-12T15:09:11","date_gmt":"2025-05-12T18:09:11","guid":{"rendered":"https:\/\/packdesites.com\/?page_id=21625"},"modified":"2025-05-12T16:50:51","modified_gmt":"2025-05-12T19:50:51","slug":"file-request","status":"publish","type":"page","link":"https:\/\/packdesites.com\/en\/file-request\/","title":{"rendered":"File Request"},"content":{"rendered":"<h3 class=\"wp-block-heading\">Need a specific template?<\/h3>\n\n\n\n<p><strong>Request directly from us.<\/strong><\/p>\n\n\n\n<p>With plans that support requests, you can request files that aren\u2019t in your dashboard, like premium themes, advanced plugins, or templates from Envato Elements. Just let us know what you want \u2014 and if it fits the terms of use, we\u2019ll add it for you.<\/p>\n\n\n\n<h3 class=\"wp-block-heading\">\ud83d\udce6 What can be requested?<\/h3>\n\n\n\n<ul class=\"wp-block-list\">\n<li><strong>Envato Elements Templates<\/strong><\/li>\n\n\n\n<li><strong>Premium WordPress Themes That Are Practical<\/strong><\/li>\n\n\n\n<li><strong>Premium plugins distributed under GPL license<\/strong><\/li>\n\n\n\n<li><strong>WordPress Files<\/strong><\/li>\n<\/ul>\n\n\n\n<blockquote class=\"wp-block-quote is-layout-flow wp-block-quote-is-layout-flow\">\n<p>Remember: we only provide files that are <strong>within the guidelines of the GPL license<\/strong> or that are possible for legal distribution.<\/p>\n\n\n\n<p>We also test the files before including them in the platform. If the requested theme\/template\/file is not easy to use, is no longer updated by the developer or is of low quality, the file will not be included, as we value the quality of the files on our platform.<\/p>\n<\/blockquote>\n\n\n\n<h3 class=\"wp-block-heading\">\u2705 What you need to do:<\/h3>\n\n\n\n<ol class=\"wp-block-list\">\n<li>Find the template, plugin or theme you want<\/li>\n\n\n\n<li>Copy the file name or link (URL)<\/li>\n\n\n\n<li>Access the request page within your account<\/li>\n\n\n\n<li>Paste the information into the form<\/li>\n\n\n\n<li>Wait for analysis and release (normally within 72 business hours)<\/li>\n<\/ol>\n\n\n\n<h3 class=\"wp-block-heading\">\u2139\ufe0f About Envato Templates<\/h3>\n\n\n\n<p>You can choose any template from Envato Elements (no account required). Just upload the <strong>file link<\/strong> and our team will convert and make it available to you.<\/p>\n\n\n\n<h3 class=\"wp-block-heading\">\u2757 Important:<\/h3>\n\n\n\n<ul class=\"wp-block-list\">\n<li>The request <strong>does not guarantee<\/strong> the release of the file.<\/li>\n\n\n\n<li>If the file is not compatible with the GPL structure, we will contact you.<\/li>\n\n\n\n<li>We do not provide encoded, nulled or copyright infringing files.<\/li>\n<\/ul>\n\n\n\n<h3 class=\"wp-block-heading\">\ud83d\udccc Which plans are available for this request?<\/h3>\n\n\n\n<figure class=\"wp-block-table\"><table class=\"has-fixed-layout\"><thead><tr><th>Flat<\/th><th>Requests included<\/th><\/tr><\/thead><tbody><tr><td>Starter<\/td><td>See the Plans page<\/td><\/tr><tr><td>Business<\/td><td>See the Plans page<\/td><\/tr><tr><td>Website Ready<\/td><td>See the Plans page<\/td><\/tr><\/tbody><\/table><\/figure>\n\n\n\n<h3 class=\"wp-block-heading\">\ud83d\udcac Do you have any questions?<\/h3>\n\n\n\n<p>You can open a ticket in the customer area before requesting, if you are not sure whether the file is within the permitted guidelines.<\/p>\n\n\n\n<h3 class=\"wp-block-heading\">\u26a0\ufe0f Can&#039;t request files?<\/h3>\n\n\n\n<p>This can happen for two reasons:<\/p>\n\n\n\n<ul class=\"wp-block-list\">\n<li>You have reached your monthly request limit.<\/li>\n\n\n\n<li>Your current plan does not allow active requests<\/li>\n<\/ul>\n\n\n\n<p>Link to make the request (only accessible if you have an active recurring plan): <a href=\"https:\/\/packdesites.com\/en\/my-account\/request-file\/\">Request File Here<\/a><\/p>\n\n\n\n<p><\/p>","protected":false},"excerpt":{"rendered":"<p>Precisa de um template espec\u00edfico? Solicite diretamente pra gente. Nos planos compat\u00edveis com solicita\u00e7\u00f5es, voc\u00ea pode pedir arquivos que n\u00e3o est\u00e3o no painel, como temas premium, plugins avan\u00e7ados ou templates da Envato Elements. Basta informar o que deseja \u2014 e se estiver dentro das condi\u00e7\u00f5es de uso, adicionamos para voc\u00ea. \ud83d\udce6 O que pode ser [&hellip;]<\/p>","protected":false},"author":1,"featured_media":0,"parent":0,"menu_order":0,"comment_status":"closed","ping_status":"closed","template":"","meta":{"_jf_limit_responses":"","iawp_total_views":191,"footnotes":""},"class_list":["post-21625","page","type-page","status-publish","hentry"],"_links":{"self":[{"href":"https:\/\/packdesites.com\/en\/wp-json\/wp\/v2\/pages\/21625","targetHints":{"allow":["GET"]}}],"collection":[{"href":"https:\/\/packdesites.com\/en\/wp-json\/wp\/v2\/pages"}],"about":[{"href":"https:\/\/packdesites.com\/en\/wp-json\/wp\/v2\/types\/page"}],"author":[{"embeddable":true,"href":"https:\/\/packdesites.com\/en\/wp-json\/wp\/v2\/users\/1"}],"replies":[{"embeddable":true,"href":"https:\/\/packdesites.com\/en\/wp-json\/wp\/v2\/comments?post=21625"}],"version-history":[{"count":3,"href":"https:\/\/packdesites.com\/en\/wp-json\/wp\/v2\/pages\/21625\/revisions"}],"predecessor-version":[{"id":21654,"href":"https:\/\/packdesites.com\/en\/wp-json\/wp\/v2\/pages\/21625\/revisions\/21654"}],"wp:attachment":[{"href":"https:\/\/packdesites.com\/en\/wp-json\/wp\/v2\/media?parent=21625"}],"curies":[{"name":"wp","href":"https:\/\/api.w.org\/{rel}","templated":true}]}}